{"id":9386,"date":"2020-12-03T22:55:49","date_gmt":"2020-12-03T22:55:49","guid":{"rendered":"http:\/\/angling.local\/?page_id=9386"},"modified":"2021-09-04T22:35:06","modified_gmt":"2021-09-04T22:35:06","slug":"frettir","status":"publish","type":"page","link":"https:\/\/angling.is\/en\/frettir\/","title":{"rendered":"NEWS"},"content":{"rendered":"<div data-elementor-type=\"wp-page\" data-elementor-id=\"9386\" class=\"elementor elementor-9386\" data-elementor-settings=\"[]\">\n\t\t\t\t\t\t<div class=\"elementor-inner\">\n\t\t\t\t\t\t\t<div class=\"elementor-section-wrap\">\n\t\t\t\t\t\t\t<section class=\"ob-is-breaking-bad elementor-section elementor-top-section elementor-element elementor-element-12193d1 elementor-section-boxed elementor-section-height-default elementor-section-height-default\" data-id=\"12193d1\" data-element_type=\"section\" data-settings=\"{&quot;_ob_bbad_use_it&quot;:&quot;yes&quot;,&quot;_ob_bbad_sssic_use&quot;:&quot;no&quot;,&quot;_ob_glider_is_slider&quot;:&quot;no&quot;}\">\n\t\t\t\t\t\t<div class=\"elementor-container elementor-column-gap-default\">\n\t\t\t\t\t\t\t<div class=\"elementor-row\">\n\t\t\t\t\t<div class=\"elementor-column elementor-col-100 elementor-top-column elementor-element elementor-element-ec70a63\" data-id=\"ec70a63\" data-element_type=\"column\" data-settings=\"{&quot;_ob_teleporter_use&quot;:false,&quot;_ob_column_hoveranimator&quot;:&quot;no&quot;}\">\n\t\t\t<div class=\"elementor-column-wrap elementor-element-populated\">\n\t\t\t\t\t\t\t<div class=\"elementor-widget-wrap\">\n\t\t\t\t\t\t<div class=\"elementor-element elementor-element-f5c2bf2 elementor-posts--thumbnail-none elementor-grid-1 elementor-grid-tablet-2 elementor-grid-mobile-1 elementor-widget elementor-widget-posts\" data-id=\"f5c2bf2\" data-element_type=\"widget\" data-settings=\"{&quot;classic_columns&quot;:&quot;1&quot;,&quot;classic_columns_tablet&quot;:&quot;2&quot;,&quot;classic_columns_mobile&quot;:&quot;1&quot;,&quot;classic_row_gap&quot;:{&quot;unit&quot;:&quot;px&quot;,&quot;size&quot;:35,&quot;sizes&quot;:[]},&quot;_ob_perspektive_use&quot;:&quot;no&quot;,&quot;_ob_shadough_use&quot;:&quot;no&quot;,&quot;_ob_allow_hoveranimator&quot;:&quot;no&quot;}\" data-widget_type=\"posts.classic\">\n\t\t\t\t<div class=\"elementor-widget-container\">\n\t\t\t\t\t<div class=\"elementor-posts-container elementor-posts elementor-posts--skin-classic elementor-grid\">\n\t\t\t\t<article class=\"elementor-post elementor-grid-item post-12368 post type-post status-publish format-standard hentry category-uncategorized category-frettir category-utbod entry\">\n\t\t\t\t<div class=\"elementor-post__text\">\n\t\t\t\t<h2 class=\"elementor-post__title\">\n\t\t\t<a href=\"https:\/\/angling.is\/en\/veidifelag-skaftartungumanna-oskar-eftir-tilbodum-i-veidi-i-stakahnukslon\/\" >\n\t\t\t\tVei\u00f0if\u00e9lag Skaft\u00e1rtungumanna \u00f3skar eftir tilbo\u00f0um \u00ed vei\u00f0i \u00ed Stakahn\u00faksl\u00f3n\t\t\t<\/a>\n\t\t<\/h2>\n\t\t\t\t<div class=\"elementor-post__meta-data\">\n\t\t\t\t\t<span class=\"elementor-post-date\">\n\t\t\tApril 10, 2026\t\t<\/span>\n\t\t\t\t<\/div>\n\t\t\t\t<div class=\"elementor-post__excerpt\">\n\t\t\t<p>Vei\u00f0if\u00e9lag&nbsp;Skaft\u00e1rtungumanna \u00f3skar eftir tilbo\u00f0um \u00ed vei\u00f0i \u00ed Stakahn\u00faksl\u00f3n. L\u00e1gmarks leigut\u00edmi er 2 \u00e1r.&nbsp; Tilbo\u00f0 sendist \u00e1\u00a0veidifelag.skaft@gmail.com\u00a0fyrir\u00a0 20. apr\u00edl 2026. R\u00e9ttur \u00e1skilinn til a\u00f0 taka hva\u00f0a tilbo\u00f0i sem er e\u00f0a hafna \u00f6llum.&nbsp; N\u00e1nari uppl\u00fdsingar \u00ed s\u00edma 865-7432 (P\u00e9tur) e\u00f0a 615-4508 (Sigur\u00f0ur) H\u00e9r m\u00e1 finna n\u00e1nari uppl\u00fdsingar um Stakahn\u00faksl\u00f3n.<\/p>\n\t\t<\/div>\n\t\t\t\t\t<a class=\"elementor-post__read-more\" href=\"https:\/\/angling.is\/en\/veidifelag-skaftartungumanna-oskar-eftir-tilbodum-i-veidi-i-stakahnukslon\/\" >\n\t\t\t\tN\u00e1nar   \u21c0\t\t\t<\/a>\n\t\t\t\t<\/div>\n\t\t\t\t<\/article>\n\t\t\t\t<article class=\"elementor-post elementor-grid-item post-12359 post type-post status-publish format-standard hentry category-uncategorized category-frettir category-fundarbod entry\">\n\t\t\t\t<div class=\"elementor-post__text\">\n\t\t\t\t<h2 class=\"elementor-post__title\">\n\t\t\t<a href=\"https:\/\/angling.is\/en\/fundarbod-adalfundar-lv-2026\/\" >\n\t\t\t\tFundarbo\u00f0 a\u00f0alfundar LV 2026\t\t\t<\/a>\n\t\t<\/h2>\n\t\t\t\t<div class=\"elementor-post__meta-data\">\n\t\t\t\t\t<span class=\"elementor-post-date\">\n\t\t\tMarch 11, 2026\t\t<\/span>\n\t\t\t\t<\/div>\n\t\t\t\t<div class=\"elementor-post__excerpt\">\n\t\t\t<p>A\u00f0alfundur Landssambands vei\u00f0if\u00e9laga (LV) ver\u00f0ur haldinn f\u00f6studaginn og laugardaginn 24. og 25. apr\u00edl 2026 a\u00f0 Dalah\u00f3teli, Laugum \u00ed S\u00e6lingsdal, Dalas\u00fdslu og hefst dagskr\u00e1 kl. 11:30 \u00feann 24 apr\u00edl. \u00de\u00e1tttaka \u00e1 a\u00f0alfundi og till\u00f6gur Samkv\u00e6mt 5. gr. sam\u00feykkta LV hefur hvert a\u00f0ildarf\u00e9lag r\u00e9tt til a\u00f0 senda einn fulltr\u00faa \u00e1 a\u00f0alfundinn fyrir<\/p>\n\t\t<\/div>\n\t\t\t\t\t<a class=\"elementor-post__read-more\" href=\"https:\/\/angling.is\/en\/fundarbod-adalfundar-lv-2026\/\" >\n\t\t\t\tN\u00e1nar   \u21c0\t\t\t<\/a>\n\t\t\t\t<\/div>\n\t\t\t\t<\/article>\n\t\t\t\t<article class=\"elementor-post elementor-grid-item post-12350 post type-post status-publish format-standard hentry category-frettir category-alyktanir entry\">\n\t\t\t\t<div class=\"elementor-post__text\">\n\t\t\t\t<h2 class=\"elementor-post__title\">\n\t\t\t<a href=\"https:\/\/angling.is\/en\/nytt-frumvarp-um-lagareldi-alyktun-fundar-landssambands-veidifelaga\/\" >\n\t\t\t\tN\u00fdtt frumvarp um lagareldi &#8211; \u00c1lyktun fundar Landssambands vei\u00f0if\u00e9laga\t\t\t<\/a>\n\t\t<\/h2>\n\t\t\t\t<div class=\"elementor-post__meta-data\">\n\t\t\t\t\t<span class=\"elementor-post-date\">\n\t\t\tJanuary 20, 2026\t\t<\/span>\n\t\t\t\t<\/div>\n\t\t\t\t<div class=\"elementor-post__excerpt\">\n\t\t\t<p>Fundur formanna og me\u00f0lima vei\u00f0if\u00e9laga, haldinn \u00e1 vegum Landssambands vei\u00f0if\u00e9laga (LV) \u00feann 16. jan\u00faar 2026 \u00ed Reykjav\u00edk, l\u00fdsir yfir miklum vonbrig\u00f0um me\u00f0 frumvarp atvinnuvegar\u00e1\u00f0herra til laga um lagareldi sem n\u00fa liggur fyrir \u00ed samr\u00e1\u00f0sg\u00e1tt. Vonir st\u00f3\u00f0u til \u00feess a\u00f0 n\u00fdtt frumvarp yr\u00f0i raunveruleg framf\u00f6r fr\u00e1 fyrri frumv\u00f6rpum og myndi draga<\/p>\n\t\t<\/div>\n\t\t\t\t\t<a class=\"elementor-post__read-more\" href=\"https:\/\/angling.is\/en\/nytt-frumvarp-um-lagareldi-alyktun-fundar-landssambands-veidifelaga\/\" >\n\t\t\t\tN\u00e1nar   \u21c0\t\t\t<\/a>\n\t\t\t\t<\/div>\n\t\t\t\t<\/article>\n\t\t\t\t<article class=\"elementor-post elementor-grid-item post-12342 post type-post status-publish format-standard hentry category-frettir category-utbod entry\">\n\t\t\t\t<div class=\"elementor-post__text\">\n\t\t\t\t<h2 class=\"elementor-post__title\">\n\t\t\t<a href=\"https:\/\/angling.is\/en\/osk-um-tilbod-i-leigu-a-veidiretti-i-hjaltadals-og-kolbeinsdalsa-i-skagafirdi\/\" >\n\t\t\t\t\u00d3sk um tilbo\u00f0 \u00ed leigu \u00e1 vei\u00f0ir\u00e9tti \u00ed Hjaltadals- og Kolbeinsdals\u00e1 \u00ed Skagafir\u00f0i\t\t\t<\/a>\n\t\t<\/h2>\n\t\t\t\t<div class=\"elementor-post__meta-data\">\n\t\t\t\t\t<span class=\"elementor-post-date\">\n\t\t\tDecember 17, 2025\t\t<\/span>\n\t\t\t\t<\/div>\n\t\t\t\t<div class=\"elementor-post__excerpt\">\n\t\t\t<p>Ve\u00f0if\u00e9lagi\u00f0 Kolka, \u00f3skar eftir tilbo\u00f0um \u00ed leigu \u00e1 \u00f6llum vei\u00f0ir\u00e9tti f\u00e9lagsins \u00ed Kolbeinsdals- og Hjaltadal\u00e1 fyrir vei\u00f0it\u00edmabil \u00e1ranna fr\u00e1 og me\u00f0 2026 til og me\u00f0 2030 me\u00f0 almennu \u00fatbo\u00f0i. \u00datbo\u00f0sg\u00f6gnin f\u00e1st afhent me\u00f0 rafr\u00e6num h\u00e6tti hj\u00e1 Landsambandi Vei\u00f0if\u00e9laga. Vinsamlegast hafi\u00f0 samband \u00e1 netfangi\u00f0 angling@angling.is. Tilbo\u00f0um skal skila\u00f0 \u00ed loku\u00f0um umsl\u00f6gum<\/p>\n\t\t<\/div>\n\t\t\t\t\t<a class=\"elementor-post__read-more\" href=\"https:\/\/angling.is\/en\/osk-um-tilbod-i-leigu-a-veidiretti-i-hjaltadals-og-kolbeinsdalsa-i-skagafirdi\/\" >\n\t\t\t\tN\u00e1nar   \u21c0\t\t\t<\/a>\n\t\t\t\t<\/div>\n\t\t\t\t<\/article>\n\t\t\t\t<article class=\"elementor-post elementor-grid-item post-12339 post type-post status-publish format-standard hentry category-frettir entry\">\n\t\t\t\t<div class=\"elementor-post__text\">\n\t\t\t\t<h2 class=\"elementor-post__title\">\n\t\t\t<a href=\"https:\/\/angling.is\/en\/landssamband-veidifelaga-motmaelir-hardlega-opnun-mjoafjardar-fyrir-sjokviaeldi\/\" >\n\t\t\t\tLandssamband vei\u00f0if\u00e9laga m\u00f3tm\u00e6lir har\u00f0lega opnun Mj\u00f3afjar\u00f0ar fyrir sj\u00f3kv\u00edaeldi\t\t\t<\/a>\n\t\t<\/h2>\n\t\t\t\t<div class=\"elementor-post__meta-data\">\n\t\t\t\t\t<span class=\"elementor-post-date\">\n\t\t\tNovember 27, 2025\t\t<\/span>\n\t\t\t\t<\/div>\n\t\t\t\t<div class=\"elementor-post__excerpt\">\n\t\t\t<p>Landssamband vei\u00f0if\u00e9laga (LV) m\u00f3tm\u00e6lir har\u00f0lega \u00e1kv\u00f6r\u00f0un atvinnuvegar\u00e1\u00f0herra um a\u00f0 kalla eftir bur\u00f0ar\u00feolsmati Mj\u00f3afjar\u00f0ar me\u00f0 \u00fea\u00f0 a\u00f0 markmi\u00f0i a\u00f0 ry\u00f0ja brautina fyrir sj\u00f3kv\u00edaeldi. Samkv\u00e6mt umfj\u00f6llun fj\u00f6lmi\u00f0la \u00e1 r\u00e1\u00f0gj\u00f6f Hafranns\u00f3knastofnunar a\u00f0 liggja fyrir snemma \u00e1 vorm\u00e1nu\u00f0um og \u00ed kj\u00f6lfari\u00f0 ver\u00f0i \u201eekkert \u00fev\u00ed til fyrirst\u00f6\u00f0u\u201c a\u00f0 bj\u00f3\u00f0a \u00fat eldissv\u00e6\u00f0i. Me\u00f0 \u00e1kv\u00f6r\u00f0uninni er r\u00e1\u00f0herra<\/p>\n\t\t<\/div>\n\t\t\t\t\t<a class=\"elementor-post__read-more\" href=\"https:\/\/angling.is\/en\/landssamband-veidifelaga-motmaelir-hardlega-opnun-mjoafjardar-fyrir-sjokviaeldi\/\" >\n\t\t\t\tN\u00e1nar   \u21c0\t\t\t<\/a>\n\t\t\t\t<\/div>\n\t\t\t\t<\/article>\n\t\t\t\t<article class=\"elementor-post elementor-grid-item post-12310 post type-post status-publish format-standard hentry category-frettir entry\">\n\t\t\t\t<div class=\"elementor-post__text\">\n\t\t\t\t<h2 class=\"elementor-post__title\">\n\t\t\t<a href=\"https:\/\/angling.is\/en\/nyr-framkvaemdastjori-landssambands-veidifelaga\/\" >\n\t\t\t\tN\u00fdr framkv\u00e6mdastj\u00f3ri Landssambands vei\u00f0if\u00e9laga\t\t\t<\/a>\n\t\t<\/h2>\n\t\t\t\t<div class=\"elementor-post__meta-data\">\n\t\t\t\t\t<span class=\"elementor-post-date\">\n\t\t\tAugust 25, 2025\t\t<\/span>\n\t\t\t\t<\/div>\n\t\t\t\t<div class=\"elementor-post__excerpt\">\n\t\t\t<p>Stj\u00f3rn Landssambands vei\u00f0if\u00e9laga hefur r\u00e1\u00f0i\u00f0 J\u00f3hann Helga Stef\u00e1nsson \u00ed starf framkv\u00e6mdastj\u00f3ra. Hann tekur vi\u00f0 starfinu af Gunnari Erni Petersen 1. september n\u00e6stkomandi. J\u00f3hann Helgi hefur fr\u00e1 unga aldri stunda\u00f0 og haft brennandi \u00e1huga \u00e1 stang- og skotvei\u00f0i. Hann var stj\u00f3rnarma\u00f0ur \u00ed F\u00e9lagi ungra \u00ed stang- og skotvei\u00f0i og hefur einnig<\/p>\n\t\t<\/div>\n\t\t\t\t\t<a class=\"elementor-post__read-more\" href=\"https:\/\/angling.is\/en\/nyr-framkvaemdastjori-landssambands-veidifelaga\/\" >\n\t\t\t\tN\u00e1nar   \u21c0\t\t\t<\/a>\n\t\t\t\t<\/div>\n\t\t\t\t<\/article>\n\t\t\t\t<article class=\"elementor-post elementor-grid-item post-12303 post type-post status-publish format-standard hentry category-frettir entry\">\n\t\t\t\t<div class=\"elementor-post__text\">\n\t\t\t\t<h2 class=\"elementor-post__title\">\n\t\t\t<a href=\"https:\/\/angling.is\/en\/adgerdir-fiskistofu-vegna-eldislaxa\/\" >\n\t\t\t\tA\u00f0ger\u00f0ir Fiskistofu vegna eldislaxa\t\t\t<\/a>\n\t\t<\/h2>\n\t\t\t\t<div class=\"elementor-post__meta-data\">\n\t\t\t\t\t<span class=\"elementor-post-date\">\n\t\t\tAugust 21, 2025\t\t<\/span>\n\t\t\t\t<\/div>\n\t\t\t\t<div class=\"elementor-post__excerpt\">\n\t\t\t<p>H\u00e9r a\u00f0 ne\u00f0an eru lei\u00f0beiningar fr\u00e1 Fiskistofu vegna vei\u00f0ia\u00f0ger\u00f0a stofnunarinnar og vei\u00f0if\u00e9laga vegna eldislaxa. Landssambandi\u00f0 \u00edtrekar allt sem fram kom \u00ed fyrri f\u00e6rslu um m\u00e1li\u00f0, sem finna m\u00e1 h\u00e9r, og einnig a\u00f0 vei\u00f0if\u00e9l\u00f6g skulu \u00e1vallt hafa Fiskistofu me\u00f0 \u00ed r\u00e1\u00f0um var\u00f0andi a\u00f0ger\u00f0ir. N\u00e1nari uppl\u00fdsingar veitir framkv\u00e6mdastj\u00f3ri Landssambands vei\u00f0if\u00e9laga \u00ed s\u00edma<\/p>\n\t\t<\/div>\n\t\t\t\t\t<a class=\"elementor-post__read-more\" href=\"https:\/\/angling.is\/en\/adgerdir-fiskistofu-vegna-eldislaxa\/\" >\n\t\t\t\tN\u00e1nar   \u21c0\t\t\t<\/a>\n\t\t\t\t<\/div>\n\t\t\t\t<\/article>\n\t\t\t\t<article class=\"elementor-post elementor-grid-item post-12297 post type-post status-publish format-standard hentry category-frettir category-laxeldi entry\">\n\t\t\t\t<div class=\"elementor-post__text\">\n\t\t\t\t<h2 class=\"elementor-post__title\">\n\t\t\t<a href=\"https:\/\/angling.is\/en\/adgerdir-vegna-eldislaxa\/\" >\n\t\t\t\tA\u00f0ger\u00f0ir vegna eldislaxa\t\t\t<\/a>\n\t\t<\/h2>\n\t\t\t\t<div class=\"elementor-post__meta-data\">\n\t\t\t\t\t<span class=\"elementor-post-date\">\n\t\t\tAugust 19, 2025\t\t<\/span>\n\t\t\t\t<\/div>\n\t\t\t\t<div class=\"elementor-post__excerpt\">\n\t\t\t<p>H\u00e9r a\u00f0 ne\u00f0an er a\u00f0 finna uppl\u00fdsingar um st\u00f6\u00f0u m\u00e1la vegna stroks eldislaxa sem hafa n\u00fa \u00feegar fundist \u00ed Haukadals\u00e1, Vatnsdals\u00e1 \u00ed H\u00fanavatnss\u00fdslu, Hellu\u00e1 \u00ed Skagafir\u00f0i og s\u00e9st \u00ed nokkrum \u00f6\u00f0rum \u00e1m. Landssamband vei\u00f0if\u00e9laga (LV) mun halda \u00e1fram a\u00f0 uppl\u00fdsa vei\u00f0if\u00e9l\u00f6g og lei\u00f0beina me\u00f0 a\u00f0ger\u00f0ir. Umfang N\u00fa \u00feegar hafa 10<\/p>\n\t\t<\/div>\n\t\t\t\t\t<a class=\"elementor-post__read-more\" href=\"https:\/\/angling.is\/en\/adgerdir-vegna-eldislaxa\/\" >\n\t\t\t\tN\u00e1nar   \u21c0\t\t\t<\/a>\n\t\t\t\t<\/div>\n\t\t\t\t<\/article>\n\t\t\t\t<article class=\"elementor-post elementor-grid-item post-12294 post type-post status-publish format-standard hentry category-frettir entry\">\n\t\t\t\t<div class=\"elementor-post__text\">\n\t\t\t\t<h2 class=\"elementor-post__title\">\n\t\t\t<a href=\"https:\/\/angling.is\/en\/askorun-til-veidifelaga-og-veidimanna\/\" >\n\t\t\t\t\u00c1skorun til vei\u00f0if\u00e9laga og vei\u00f0imanna\t\t\t<\/a>\n\t\t<\/h2>\n\t\t\t\t<div class=\"elementor-post__meta-data\">\n\t\t\t\t\t<span class=\"elementor-post-date\">\n\t\t\tJuly 8, 2025\t\t<\/span>\n\t\t\t\t<\/div>\n\t\t\t\t<div class=\"elementor-post__excerpt\">\n\t\t\t<p>Landssamband vei\u00f0if\u00e9laga (LV) hefur nokkrar \u00e1hyggjur af laxgengd \u00fea\u00f0 sem af er sumri. \u00de\u00f3 enn s\u00e9 t\u00f6luvert eftir af g\u00f6ngut\u00edma vir\u00f0ast fyrstu vikur vei\u00f0it\u00edmabilsins gefa til kynna a\u00f0 laxgengdin ver\u00f0i undir me\u00f0allagi. Taka ber fram a\u00f0 sl\u00edkt getur breyst sn\u00f6gglega og eru ford\u00e6mi fyrir \u00fev\u00ed a\u00f0 sm\u00e1lax skili s\u00e9r seint,<\/p>\n\t\t<\/div>\n\t\t\t\t\t<a class=\"elementor-post__read-more\" href=\"https:\/\/angling.is\/en\/askorun-til-veidifelaga-og-veidimanna\/\" >\n\t\t\t\tN\u00e1nar   \u21c0\t\t\t<\/a>\n\t\t\t\t<\/div>\n\t\t\t\t<\/article>\n\t\t\t\t<article class=\"elementor-post elementor-grid-item post-12285 post type-post status-publish format-standard hentry category-frettir category-veiditolur entry\">\n\t\t\t\t<div class=\"elementor-post__text\">\n\t\t\t\t<h2 class=\"elementor-post__title\">\n\t\t\t<a href=\"https:\/\/angling.is\/en\/laxveidin-fer-vel-af-stad\/\" >\n\t\t\t\tLaxvei\u00f0in fer vel af sta\u00f0\t\t\t<\/a>\n\t\t<\/h2>\n\t\t\t\t<div class=\"elementor-post__meta-data\">\n\t\t\t\t\t<span class=\"elementor-post-date\">\n\t\t\tJune 12, 2025\t\t<\/span>\n\t\t\t\t<\/div>\n\t\t\t\t<div class=\"elementor-post__excerpt\">\n\t\t\t<p>Laxvei\u00f0in fer vel af sta\u00f0 \u00ed \u00feeim \u00e1m sem \u00feegar hafa opna\u00f0. Nor\u00f0ur\u00e1 er komin \u00ed 47 laxa eftir mj\u00f6g g\u00f3\u00f0a byrjun og er \u00fea\u00f0 fimm l\u00f6xum meira en \u00e1 sama t\u00edma \u00ed fyrra. \u00dever\u00e1 \u00ed Borgarfir\u00f0i var komin \u00ed 18 laxa \u00ed g\u00e6r eftir tveggja daga vei\u00f0i og \u00feegar<\/p>\n\t\t<\/div>\n\t\t\t\t\t<a class=\"elementor-post__read-more\" href=\"https:\/\/angling.is\/en\/laxveidin-fer-vel-af-stad\/\" >\n\t\t\t\tN\u00e1nar   \u21c0\t\t\t<\/a>\n\t\t\t\t<\/div>\n\t\t\t\t<\/article>\n\t\t\t\t<\/div>\n\t\t\t\t<nav class=\"elementor-pagination\" role=\"navigation\" aria-label=\"Pagination\">\n\t\t\t<span aria-current=\"page\" class=\"page-numbers current\"><span class=\"elementor-screen-only\">Page<\/span>1<\/span>\n<a class=\"page-numbers\" href=\"https:\/\/angling.is\/en\/wp-json\/wp\/v2\/pages\/9386\/page\/2\/\"><span class=\"elementor-screen-only\">Page<\/span>2<\/a>\n<a class=\"page-numbers\" href=\"https:\/\/angling.is\/en\/wp-json\/wp\/v2\/pages\/9386\/page\/3\/\"><span class=\"elementor-screen-only\">Page<\/span>3<\/a>\n<a class=\"page-numbers\" href=\"https:\/\/angling.is\/en\/wp-json\/wp\/v2\/pages\/9386\/page\/4\/\"><span class=\"elementor-screen-only\">Page<\/span>4<\/a>\n<a class=\"page-numbers\" href=\"https:\/\/angling.is\/en\/wp-json\/wp\/v2\/pages\/9386\/page\/5\/\"><span class=\"elementor-screen-only\">Page<\/span>5<\/a>\n<a class=\"page-numbers\" href=\"https:\/\/angling.is\/en\/wp-json\/wp\/v2\/pages\/9386\/page\/6\/\"><span class=\"elementor-screen-only\">Page<\/span>6<\/a>\n<a class=\"page-numbers\" href=\"https:\/\/angling.is\/en\/wp-json\/wp\/v2\/pages\/9386\/page\/7\/\"><span class=\"elementor-screen-only\">Page<\/span>7<\/a>\n<a class=\"page-numbers\" href=\"https:\/\/angling.is\/en\/wp-json\/wp\/v2\/pages\/9386\/page\/8\/\"><span class=\"elementor-screen-only\">Page<\/span>8<\/a>\n<a class=\"page-numbers\" href=\"https:\/\/angling.is\/en\/wp-json\/wp\/v2\/pages\/9386\/page\/9\/\"><span class=\"elementor-screen-only\">Page<\/span>9<\/a>\t\t<\/nav>\n\t\t\t\t<\/div>\n\t\t\t\t<\/div>\n\t\t\t\t\t\t<\/div>\n\t\t\t\t\t<\/div>\n\t\t<\/div>\n\t\t\t\t\t\t\t\t<\/div>\n\t\t\t\t\t<\/div>\n\t\t<\/section>\n\t\t\t\t\t\t<\/div>\n\t\t\t\t\t\t<\/div>\n\t\t\t\t\t<\/div>","protected":false},"excerpt":{"rendered":"","protected":false},"author":1,"featured_media":0,"parent":0,"menu_order":0,"comment_status":"closed","ping_status":"closed","template":"","meta":{"om_disable_all_campaigns":false,"_mi_skip_tracking":false},"_links":{"self":[{"href":"https:\/\/angling.is\/en\/wp-json\/wp\/v2\/pages\/9386"}],"collection":[{"href":"https:\/\/angling.is\/en\/wp-json\/wp\/v2\/pages"}],"about":[{"href":"https:\/\/angling.is\/en\/wp-json\/wp\/v2\/types\/page"}],"author":[{"embeddable":true,"href":"https:\/\/angling.is\/en\/wp-json\/wp\/v2\/users\/1"}],"replies":[{"embeddable":true,"href":"https:\/\/angling.is\/en\/wp-json\/wp\/v2\/comments?post=9386"}],"version-history":[{"count":13,"href":"https:\/\/angling.is\/en\/wp-json\/wp\/v2\/pages\/9386\/revisions"}],"predecessor-version":[{"id":10832,"href":"https:\/\/angling.is\/en\/wp-json\/wp\/v2\/pages\/9386\/revisions\/10832"}],"wp:attachment":[{"href":"https:\/\/angling.is\/en\/wp-json\/wp\/v2\/media?parent=9386"}],"curies":[{"name":"wp","href":"https:\/\/api.w.org\/{rel}","templated":true}]}}