{"id":10361,"date":"2021-01-04T17:15:02","date_gmt":"2021-01-04T17:15:02","guid":{"rendered":"http:\/\/angling.levelap.rs\/?page_id=10361"},"modified":"2021-01-04T17:53:24","modified_gmt":"2021-01-04T17:53:24","slug":"veida-og-sleppa","status":"publish","type":"page","link":"https:\/\/angling.is\/en\/veida-og-sleppa\/","title":{"rendered":"VEI\u00d0A OG SLEPPA"},"content":{"rendered":"<div data-elementor-type=\"wp-page\" data-elementor-id=\"10361\" class=\"elementor elementor-10361\" data-elementor-settings=\"[]\">\n\t\t\t\t\t\t<div class=\"elementor-inner\">\n\t\t\t\t\t\t\t<div class=\"elementor-section-wrap\">\n\t\t\t\t\t\t\t<section class=\"ob-is-breaking-bad elementor-section elementor-top-section elementor-element elementor-element-58acb530 elementor-section-boxed elementor-section-height-default elementor-section-height-default\" data-id=\"58acb530\" data-element_type=\"section\" data-settings=\"{&quot;background_background&quot;:&quot;classic&quot;,&quot;_ob_bbad_use_it&quot;:&quot;yes&quot;,&quot;_ob_bbad_sssic_use&quot;:&quot;no&quot;,&quot;_ob_glider_is_slider&quot;:&quot;no&quot;}\">\n\t\t\t\t\t\t<div class=\"elementor-container elementor-column-gap-default\">\n\t\t\t\t\t\t\t<div class=\"elementor-row\">\n\t\t\t\t\t<div class=\"elementor-column elementor-col-100 elementor-top-column elementor-element elementor-element-46496a19\" data-id=\"46496a19\" data-element_type=\"column\" data-settings=\"{&quot;_ob_teleporter_use&quot;:false,&quot;_ob_column_hoveranimator&quot;:&quot;no&quot;}\">\n\t\t\t<div class=\"elementor-column-wrap elementor-element-populated\">\n\t\t\t\t\t\t\t<div class=\"elementor-widget-wrap\">\n\t\t\t\t\t\t<div class=\"elementor-element elementor-element-14a571b elementor-widget elementor-widget-theme-post-title elementor-page-title elementor-widget-heading\" data-id=\"14a571b\" data-element_type=\"widget\" data-settings=\"{&quot;_ob_perspektive_use&quot;:&quot;no&quot;,&quot;_ob_shadough_use&quot;:&quot;no&quot;,&quot;_ob_allow_hoveranimator&quot;:&quot;no&quot;}\" data-widget_type=\"theme-post-title.default\">\n\t\t\t\t<div class=\"elementor-widget-container\">\n\t\t\t<h1 class=\"elementor-heading-title elementor-size-default\">VEI\u00d0A OG SLEPPA<\/h1>\t\t<\/div>\n\t\t\t\t<\/div>\n\t\t\t\t\t\t<\/div>\n\t\t\t\t\t<\/div>\n\t\t<\/div>\n\t\t\t\t\t\t\t\t<\/div>\n\t\t\t\t\t<\/div>\n\t\t<\/section>\n\t\t\t\t<section class=\"ob-is-breaking-bad elementor-section elementor-top-section elementor-element elementor-element-25e16d7 elementor-reverse-tablet elementor-reverse-mobile elementor-section-boxed elementor-section-height-default elementor-section-height-default\" data-id=\"25e16d7\" data-element_type=\"section\" data-settings=\"{&quot;_ob_bbad_use_it&quot;:&quot;yes&quot;,&quot;_ob_bbad_sssic_use&quot;:&quot;no&quot;,&quot;_ob_glider_is_slider&quot;:&quot;no&quot;}\">\n\t\t\t\t\t\t<div class=\"elementor-container elementor-column-gap-default\">\n\t\t\t\t\t\t\t<div class=\"elementor-row\">\n\t\t\t\t\t<div class=\"elementor-column elementor-col-33 elementor-top-column elementor-element elementor-element-c7a76a8\" data-id=\"c7a76a8\" data-element_type=\"column\" data-settings=\"{&quot;_ob_teleporter_use&quot;:false,&quot;_ob_column_hoveranimator&quot;:&quot;no&quot;}\">\n\t\t\t<div class=\"elementor-column-wrap elementor-element-populated\">\n\t\t\t\t\t\t\t<div class=\"elementor-widget-wrap\">\n\t\t\t\t\t\t<div class=\"elementor-element elementor-element-e0e2c94 ob-harakiri-inherit elementor-widget elementor-widget-heading\" data-id=\"e0e2c94\" data-element_type=\"widget\" data-settings=\"{&quot;_ob_harakiri_writing_mode&quot;:&quot;inherit&quot;,&quot;_ob_perspektive_use&quot;:&quot;no&quot;,&quot;_ob_shadough_use&quot;:&quot;no&quot;,&quot;_ob_allow_hoveranimator&quot;:&quot;no&quot;}\" data-widget_type=\"heading.default\">\n\t\t\t\t<div class=\"elementor-widget-container\">\n\t\t\t<h2 class=\"elementor-heading-title elementor-size-default\">VEI\u00d0A OG SLEPPA<\/h2>\t\t<\/div>\n\t\t\t\t<\/div>\n\t\t\t\t<div class=\"elementor-element elementor-element-9f01bff ob-harakiri-inherit elementor-widget elementor-widget-heading\" data-id=\"9f01bff\" data-element_type=\"widget\" data-settings=\"{&quot;_ob_harakiri_writing_mode&quot;:&quot;inherit&quot;,&quot;_ob_perspektive_use&quot;:&quot;no&quot;,&quot;_ob_shadough_use&quot;:&quot;no&quot;,&quot;_ob_allow_hoveranimator&quot;:&quot;no&quot;}\" data-widget_type=\"heading.default\">\n\t\t\t\t<div class=\"elementor-widget-container\">\n\t\t\t<p class=\"elementor-heading-title elementor-size-default\">HVA\u00d0 \u00deARFTU A\u00d0 VITA\n<\/p>\t\t<\/div>\n\t\t\t\t<\/div>\n\t\t\t\t<div class=\"elementor-element elementor-element-b081e19 ob-harakiri-inherit elementor-widget elementor-widget-text-editor\" data-id=\"b081e19\" data-element_type=\"widget\" data-settings=\"{&quot;_ob_harakiri_writing_mode&quot;:&quot;inherit&quot;,&quot;_ob_perspektive_use&quot;:&quot;no&quot;,&quot;_ob_shadough_use&quot;:&quot;no&quot;,&quot;_ob_allow_hoveranimator&quot;:&quot;no&quot;}\" data-widget_type=\"text-editor.default\">\n\t\t\t\t<div class=\"elementor-widget-container\">\n\t\t\t\t\t<div class=\"elementor-text-editor elementor-clearfix\"><p>\u00deeim vei\u00f0im\u00f6nnum fer fj\u00f6lgandi sem sleppa stangveiddum fisk. \u00c1ri\u00f0 1996 var um 2,3% laxvei\u00f0innar sleppt aftur, en \u00e1ri\u00f0 2003 var \u00feetta hlutfall komi\u00f0 upp \u00ed 15,7% a\u00f0 me\u00f0altali, samkv\u00e6mt uppl\u00fdsingum fr\u00e1 Vei\u00f0im\u00e1lastofnun en \u00feetta hlutfall er mj\u00f6g breytilegt \u00ed \u00e1num. \u00dea\u00f0 er mikilv\u00e6gt a\u00f0 \u00fea\u00f0 s\u00e9 gert r\u00e9tt \u00e1 \u00f6llum stigum.<\/p><\/div>\n\t\t\t\t<\/div>\n\t\t\t\t<\/div>\n\t\t\t\t\t\t<\/div>\n\t\t\t\t\t<\/div>\n\t\t<\/div>\n\t\t\t\t<div class=\"elementor-column elementor-col-66 elementor-top-column elementor-element elementor-element-86f8c6c\" data-id=\"86f8c6c\" data-element_type=\"column\" data-settings=\"{&quot;background_background&quot;:&quot;classic&quot;,&quot;_ob_teleporter_use&quot;:false,&quot;_ob_column_hoveranimator&quot;:&quot;no&quot;}\">\n\t\t\t<div class=\"elementor-column-wrap elementor-element-populated\">\n\t\t\t\t\t\t\t<div class=\"elementor-widget-wrap\">\n\t\t\t\t\t\t<div class=\"elementor-element elementor-element-32b7be3 elementor-widget elementor-widget-spacer\" data-id=\"32b7be3\" data-element_type=\"widget\" data-settings=\"{&quot;_ob_spacerat_use&quot;:&quot;no&quot;,&quot;_ob_perspektive_use&quot;:&quot;no&quot;,&quot;_ob_shadough_use&quot;:&quot;no&quot;,&quot;_ob_allow_hoveranimator&quot;:&quot;no&quot;}\" data-widget_type=\"spacer.default\">\n\t\t\t\t<div class=\"elementor-widget-container\">\n\t\t\t\t\t<div class=\"elementor-spacer\">\n\t\t\t<div class=\"elementor-spacer-inner\"><\/div>\n\t\t<\/div>\n\t\t\t\t<\/div>\n\t\t\t\t<\/div>\n\t\t\t\t\t\t<\/div>\n\t\t\t\t\t<\/div>\n\t\t<\/div>\n\t\t\t\t\t\t\t\t<\/div>\n\t\t\t\t\t<\/div>\n\t\t<\/section>\n\t\t\t\t<section class=\"ob-is-breaking-bad elementor-section elementor-top-section elementor-element elementor-element-d1ca2c1 elementor-section-boxed elementor-section-height-default elementor-section-height-default\" data-id=\"d1ca2c1\" data-element_type=\"section\" data-settings=\"{&quot;_ob_bbad_use_it&quot;:&quot;yes&quot;,&quot;_ob_bbad_sssic_use&quot;:&quot;no&quot;,&quot;_ob_glider_is_slider&quot;:&quot;no&quot;}\">\n\t\t\t\t\t\t<div class=\"elementor-container elementor-column-gap-default\">\n\t\t\t\t\t\t\t<div class=\"elementor-row\">\n\t\t\t\t\t<div class=\"elementor-column elementor-col-66 elementor-top-column elementor-element elementor-element-17f0785\" data-id=\"17f0785\" data-element_type=\"column\" data-settings=\"{&quot;background_background&quot;:&quot;classic&quot;,&quot;_ob_teleporter_use&quot;:false,&quot;_ob_column_hoveranimator&quot;:&quot;no&quot;}\">\n\t\t\t<div class=\"elementor-column-wrap elementor-element-populated\">\n\t\t\t\t\t\t\t<div class=\"elementor-widget-wrap\">\n\t\t\t\t\t\t<div class=\"elementor-element elementor-element-eeed52a elementor-widget elementor-widget-spacer\" data-id=\"eeed52a\" data-element_type=\"widget\" data-settings=\"{&quot;_ob_spacerat_use&quot;:&quot;no&quot;,&quot;_ob_perspektive_use&quot;:&quot;no&quot;,&quot;_ob_shadough_use&quot;:&quot;no&quot;,&quot;_ob_allow_hoveranimator&quot;:&quot;no&quot;}\" data-widget_type=\"spacer.default\">\n\t\t\t\t<div class=\"elementor-widget-container\">\n\t\t\t\t\t<div class=\"elementor-spacer\">\n\t\t\t<div class=\"elementor-spacer-inner\"><\/div>\n\t\t<\/div>\n\t\t\t\t<\/div>\n\t\t\t\t<\/div>\n\t\t\t\t\t\t<\/div>\n\t\t\t\t\t<\/div>\n\t\t<\/div>\n\t\t\t\t<div class=\"elementor-column elementor-col-33 elementor-top-column elementor-element elementor-element-fe2e098\" data-id=\"fe2e098\" data-element_type=\"column\" data-settings=\"{&quot;_ob_teleporter_use&quot;:false,&quot;_ob_column_hoveranimator&quot;:&quot;no&quot;}\">\n\t\t\t<div class=\"elementor-column-wrap elementor-element-populated\">\n\t\t\t\t\t\t\t<div class=\"elementor-widget-wrap\">\n\t\t\t\t\t\t<div class=\"elementor-element elementor-element-4a9d381 ob-harakiri-inherit elementor-widget elementor-widget-heading\" data-id=\"4a9d381\" data-element_type=\"widget\" data-settings=\"{&quot;_ob_harakiri_writing_mode&quot;:&quot;inherit&quot;,&quot;_ob_perspektive_use&quot;:&quot;no&quot;,&quot;_ob_shadough_use&quot;:&quot;no&quot;,&quot;_ob_allow_hoveranimator&quot;:&quot;no&quot;}\" data-widget_type=\"heading.default\">\n\t\t\t\t<div class=\"elementor-widget-container\">\n\t\t\t<h2 class=\"elementor-heading-title elementor-size-default\">VEI\u00d0ARF\u00c6RI<\/h2>\t\t<\/div>\n\t\t\t\t<\/div>\n\t\t\t\t<div class=\"elementor-element elementor-element-ac211ee ob-harakiri-inherit elementor-widget elementor-widget-text-editor\" data-id=\"ac211ee\" data-element_type=\"widget\" data-settings=\"{&quot;_ob_harakiri_writing_mode&quot;:&quot;inherit&quot;,&quot;_ob_perspektive_use&quot;:&quot;no&quot;,&quot;_ob_shadough_use&quot;:&quot;no&quot;,&quot;_ob_allow_hoveranimator&quot;:&quot;no&quot;}\" data-widget_type=\"text-editor.default\">\n\t\t\t\t<div class=\"elementor-widget-container\">\n\t\t\t\t\t<div class=\"elementor-text-editor elementor-clearfix\"><p>Nota agnhalds-lausa kr\u00f3ka e\u00f0a klemma ni\u00f0ur agnh\u00f6ld. Nota fremur sm\u00e1a kr\u00f3ka\/\u00f6ngla.<\/p><p>For\u00f0ast a\u00f0 nota \u00fer\u00edkr\u00e6kjur, \u00fe\u00e6r geta valdi\u00f0 \u00f3\u00fearfa ska\u00f0a \u00e1 fisk. Ekki nota ry\u00f0fr\u00eda kr\u00f3ka. Nota g\u00f3\u00f0 vei\u00f0arf\u00e6ri sem tryggja flj\u00f3tal\u00f6ndun \u00e1 fisk, for\u00f0ast a\u00f0 of\u00fereyta fisk a\u00f0 \u00f3\u00fe\u00f6rfu.<\/p><p>Nota h\u00e1fa me\u00f0 hn\u00fatalausu neti sj\u00e1 mynd 2 h\u00e6gri. Gr\u00f3f net og\/e\u00f0a me\u00f0 hn\u00fatum geta valdi\u00f0 ska\u00f0a \u00e1 augum, t\u00e1lknum, uggum, sl\u00edmh\u00fa\u00f0 og valdi\u00f0 hreisturlosi.<\/p><p>\u00a0<\/p><\/div>\n\t\t\t\t<\/div>\n\t\t\t\t<\/div>\n\t\t\t\t\t\t<\/div>\n\t\t\t\t\t<\/div>\n\t\t<\/div>\n\t\t\t\t\t\t\t\t<\/div>\n\t\t\t\t\t<\/div>\n\t\t<\/section>\n\t\t\t\t<section class=\"ob-is-breaking-bad elementor-section elementor-top-section elementor-element elementor-element-d9abfda elementor-reverse-tablet elementor-reverse-mobile elementor-section-boxed elementor-section-height-default elementor-section-height-default\" data-id=\"d9abfda\" data-element_type=\"section\" data-settings=\"{&quot;_ob_bbad_use_it&quot;:&quot;yes&quot;,&quot;_ob_bbad_sssic_use&quot;:&quot;no&quot;,&quot;_ob_glider_is_slider&quot;:&quot;no&quot;}\">\n\t\t\t\t\t\t<div class=\"elementor-container elementor-column-gap-default\">\n\t\t\t\t\t\t\t<div class=\"elementor-row\">\n\t\t\t\t\t<div class=\"elementor-column elementor-col-33 elementor-top-column elementor-element elementor-element-d461f9c\" data-id=\"d461f9c\" data-element_type=\"column\" data-settings=\"{&quot;_ob_teleporter_use&quot;:false,&quot;_ob_column_hoveranimator&quot;:&quot;no&quot;}\">\n\t\t\t<div class=\"elementor-column-wrap elementor-element-populated\">\n\t\t\t\t\t\t\t<div class=\"elementor-widget-wrap\">\n\t\t\t\t\t\t<div class=\"elementor-element elementor-element-fe4c100 ob-harakiri-inherit elementor-widget elementor-widget-heading\" data-id=\"fe4c100\" data-element_type=\"widget\" data-settings=\"{&quot;_ob_harakiri_writing_mode&quot;:&quot;inherit&quot;,&quot;_ob_perspektive_use&quot;:&quot;no&quot;,&quot;_ob_shadough_use&quot;:&quot;no&quot;,&quot;_ob_allow_hoveranimator&quot;:&quot;no&quot;}\" data-widget_type=\"heading.default\">\n\t\t\t\t<div class=\"elementor-widget-container\">\n\t\t\t<h2 class=\"elementor-heading-title elementor-size-default\">ME\u00d0H\u00d6NDLUN<\/h2>\t\t<\/div>\n\t\t\t\t<\/div>\n\t\t\t\t<div class=\"elementor-element elementor-element-eb37348 ob-harakiri-inherit elementor-widget elementor-widget-text-editor\" data-id=\"eb37348\" data-element_type=\"widget\" data-settings=\"{&quot;_ob_harakiri_writing_mode&quot;:&quot;inherit&quot;,&quot;_ob_perspektive_use&quot;:&quot;no&quot;,&quot;_ob_shadough_use&quot;:&quot;no&quot;,&quot;_ob_allow_hoveranimator&quot;:&quot;no&quot;}\" data-widget_type=\"text-editor.default\">\n\t\t\t\t<div class=\"elementor-widget-container\">\n\t\t\t\t\t<div class=\"elementor-text-editor elementor-clearfix\"><p>\u00c1vallt reyna a\u00f0 for\u00f0ast a\u00f0 taka fisk \u00far vatni. Ef taka \u00e1 mynd, \u00fe\u00e1 \u00e1 a\u00f0 reyna a\u00f0 gera \u00fea\u00f0 eins flj\u00f3tt og m\u00f6gulegt er.<\/p><p>Hafa \u00ed huga a\u00f0 n\u00fdgenginn fiskur er vi\u00f0kv\u00e6mari en leginn og \u00fev\u00ed ber a\u00f0 me\u00f0h\u00f6ndla hann samkv\u00e6mt \u00fev\u00ed.<\/p><p>For\u00f0ast a\u00f0 reyna a\u00f0 vigta fisk, m\u00e6la fremur fisk me\u00f0 lengdarstiku, au\u00f0velt er a\u00f0 \u00e1\u00e6tla \u00feyngd \u00fat fr\u00e1 lengd.<\/p><p>For\u00f0ast a\u00f0 nota hanska e\u00f0a \u00f6nnur efni til a\u00f0 n\u00e1 g\u00f3\u00f0u gripi \u00e1 fisk. For\u00f0ast a\u00f0 nota b\u00fana\u00f0 til a\u00f0 halda fisk, sl\u00edkt getur ska\u00f0a\u00f0 hann.<\/p><p>For\u00f0ast a\u00f0 l\u00e1ta fisk berjast um vi\u00f0 botn. Ekki taka fisk upp \u00e1 spor\u00f0inum. Ef einhverja hluta vegna \u00fearf a\u00f0 taka fisk og flytja, \u00fe\u00e1 er r\u00e1\u00f0legast a\u00f0 halda um styrtlu me\u00f0 annari hendinni og undir kvi\u00f0 fisksins me\u00f0 hinni.<\/p><\/div>\n\t\t\t\t<\/div>\n\t\t\t\t<\/div>\n\t\t\t\t\t\t<\/div>\n\t\t\t\t\t<\/div>\n\t\t<\/div>\n\t\t\t\t<div class=\"elementor-column elementor-col-66 elementor-top-column elementor-element elementor-element-1ff9296\" data-id=\"1ff9296\" data-element_type=\"column\" data-settings=\"{&quot;background_background&quot;:&quot;classic&quot;,&quot;_ob_teleporter_use&quot;:false,&quot;_ob_column_hoveranimator&quot;:&quot;no&quot;}\">\n\t\t\t<div class=\"elementor-column-wrap elementor-element-populated\">\n\t\t\t\t\t\t\t<div class=\"elementor-widget-wrap\">\n\t\t\t\t\t\t<div class=\"elementor-element elementor-element-2e8003d elementor-widget elementor-widget-spacer\" data-id=\"2e8003d\" data-element_type=\"widget\" data-settings=\"{&quot;_ob_spacerat_use&quot;:&quot;no&quot;,&quot;_ob_perspektive_use&quot;:&quot;no&quot;,&quot;_ob_shadough_use&quot;:&quot;no&quot;,&quot;_ob_allow_hoveranimator&quot;:&quot;no&quot;}\" data-widget_type=\"spacer.default\">\n\t\t\t\t<div class=\"elementor-widget-container\">\n\t\t\t\t\t<div class=\"elementor-spacer\">\n\t\t\t<div class=\"elementor-spacer-inner\"><\/div>\n\t\t<\/div>\n\t\t\t\t<\/div>\n\t\t\t\t<\/div>\n\t\t\t\t\t\t<\/div>\n\t\t\t\t\t<\/div>\n\t\t<\/div>\n\t\t\t\t\t\t\t\t<\/div>\n\t\t\t\t\t<\/div>\n\t\t<\/section>\n\t\t\t\t<section class=\"ob-is-breaking-bad elementor-section elementor-top-section elementor-element elementor-element-4f6770f elementor-section-boxed elementor-section-height-default elementor-section-height-default\" data-id=\"4f6770f\" data-element_type=\"section\" data-settings=\"{&quot;_ob_bbad_use_it&quot;:&quot;yes&quot;,&quot;_ob_bbad_sssic_use&quot;:&quot;no&quot;,&quot;_ob_glider_is_slider&quot;:&quot;no&quot;}\">\n\t\t\t\t\t\t<div class=\"elementor-container elementor-column-gap-default\">\n\t\t\t\t\t\t\t<div class=\"elementor-row\">\n\t\t\t\t\t<div class=\"elementor-column elementor-col-66 elementor-top-column elementor-element elementor-element-b7de642\" data-id=\"b7de642\" data-element_type=\"column\" data-settings=\"{&quot;background_background&quot;:&quot;classic&quot;,&quot;_ob_teleporter_use&quot;:false,&quot;_ob_column_hoveranimator&quot;:&quot;no&quot;}\">\n\t\t\t<div class=\"elementor-column-wrap elementor-element-populated\">\n\t\t\t\t\t\t\t<div class=\"elementor-widget-wrap\">\n\t\t\t\t\t\t<div class=\"elementor-element elementor-element-1c24d5c elementor-widget elementor-widget-spacer\" data-id=\"1c24d5c\" data-element_type=\"widget\" data-settings=\"{&quot;_ob_spacerat_use&quot;:&quot;no&quot;,&quot;_ob_perspektive_use&quot;:&quot;no&quot;,&quot;_ob_shadough_use&quot;:&quot;no&quot;,&quot;_ob_allow_hoveranimator&quot;:&quot;no&quot;}\" data-widget_type=\"spacer.default\">\n\t\t\t\t<div class=\"elementor-widget-container\">\n\t\t\t\t\t<div class=\"elementor-spacer\">\n\t\t\t<div class=\"elementor-spacer-inner\"><\/div>\n\t\t<\/div>\n\t\t\t\t<\/div>\n\t\t\t\t<\/div>\n\t\t\t\t\t\t<\/div>\n\t\t\t\t\t<\/div>\n\t\t<\/div>\n\t\t\t\t<div class=\"elementor-column elementor-col-33 elementor-top-column elementor-element elementor-element-a6fae61\" data-id=\"a6fae61\" data-element_type=\"column\" data-settings=\"{&quot;_ob_teleporter_use&quot;:false,&quot;_ob_column_hoveranimator&quot;:&quot;no&quot;}\">\n\t\t\t<div class=\"elementor-column-wrap elementor-element-populated\">\n\t\t\t\t\t\t\t<div class=\"elementor-widget-wrap\">\n\t\t\t\t\t\t<div class=\"elementor-element elementor-element-9208285 ob-harakiri-inherit elementor-widget elementor-widget-heading\" data-id=\"9208285\" data-element_type=\"widget\" data-settings=\"{&quot;_ob_harakiri_writing_mode&quot;:&quot;inherit&quot;,&quot;_ob_perspektive_use&quot;:&quot;no&quot;,&quot;_ob_shadough_use&quot;:&quot;no&quot;,&quot;_ob_allow_hoveranimator&quot;:&quot;no&quot;}\" data-widget_type=\"heading.default\">\n\t\t\t\t<div class=\"elementor-widget-container\">\n\t\t\t<h2 class=\"elementor-heading-title elementor-size-default\">A\u00d0 FJARL\u00c6GJA KR\u00d3K<\/h2>\t\t<\/div>\n\t\t\t\t<\/div>\n\t\t\t\t<div class=\"elementor-element elementor-element-4d16e19 ob-harakiri-inherit elementor-widget elementor-widget-text-editor\" data-id=\"4d16e19\" data-element_type=\"widget\" data-settings=\"{&quot;_ob_harakiri_writing_mode&quot;:&quot;inherit&quot;,&quot;_ob_perspektive_use&quot;:&quot;no&quot;,&quot;_ob_shadough_use&quot;:&quot;no&quot;,&quot;_ob_allow_hoveranimator&quot;:&quot;no&quot;}\" data-widget_type=\"text-editor.default\">\n\t\t\t\t<div class=\"elementor-widget-container\">\n\t\t\t\t\t<div class=\"elementor-text-editor elementor-clearfix\"><p>Gott er a\u00f0 hafa \u00e1vallt t\u00f6ng me\u00f0fer\u00f0is.\u00a0 Au\u00f0veldara er a\u00f0 losa kr\u00f3k \u00far fisk me\u00f0 t\u00f6ng.<\/p><p>Fjarl\u00e6gja kr\u00f3k \u00e1n \u00feess a\u00f0 taka fisk \u00far vatni. Ef a\u00f0st\u00e6\u00f0ur eru erfi\u00f0ar \u00fe\u00e1 getur veri\u00f0 gott a\u00f0 skera l\u00ednu \u00ed sundur til a\u00f0 au\u00f0velda verki\u00f0.<\/p><p>\u00a0<\/p><\/div>\n\t\t\t\t<\/div>\n\t\t\t\t<\/div>\n\t\t\t\t\t\t<\/div>\n\t\t\t\t\t<\/div>\n\t\t<\/div>\n\t\t\t\t\t\t\t\t<\/div>\n\t\t\t\t\t<\/div>\n\t\t<\/section>\n\t\t\t\t<section class=\"ob-is-breaking-bad elementor-section elementor-top-section elementor-element elementor-element-1a5245c elementor-section-boxed elementor-section-height-default elementor-section-height-default\" data-id=\"1a5245c\" data-element_type=\"section\" data-settings=\"{&quot;_ob_bbad_use_it&quot;:&quot;yes&quot;,&quot;_ob_bbad_sssic_use&quot;:&quot;no&quot;,&quot;_ob_glider_is_slider&quot;:&quot;no&quot;}\">\n\t\t\t\t\t\t<div class=\"elementor-container elementor-column-gap-default\">\n\t\t\t\t\t\t\t<div class=\"elementor-row\">\n\t\t\t\t\t<div class=\"elementor-column elementor-col-33 elementor-top-column elementor-element elementor-element-1a58ffe\" data-id=\"1a58ffe\" data-element_type=\"column\" data-settings=\"{&quot;_ob_teleporter_use&quot;:false,&quot;_ob_column_hoveranimator&quot;:&quot;no&quot;}\">\n\t\t\t<div class=\"elementor-column-wrap elementor-element-populated\">\n\t\t\t\t\t\t\t<div class=\"elementor-widget-wrap\">\n\t\t\t\t\t\t<div class=\"elementor-element elementor-element-52f2f6a ob-harakiri-inherit elementor-widget elementor-widget-heading\" data-id=\"52f2f6a\" data-element_type=\"widget\" data-settings=\"{&quot;_ob_harakiri_writing_mode&quot;:&quot;inherit&quot;,&quot;_ob_perspektive_use&quot;:&quot;no&quot;,&quot;_ob_shadough_use&quot;:&quot;no&quot;,&quot;_ob_allow_hoveranimator&quot;:&quot;no&quot;}\" data-widget_type=\"heading.default\">\n\t\t\t\t<div class=\"elementor-widget-container\">\n\t\t\t<h2 class=\"elementor-heading-title elementor-size-default\">A\u00d0 SLEPPA FISK<\/h2>\t\t<\/div>\n\t\t\t\t<\/div>\n\t\t\t\t<div class=\"elementor-element elementor-element-b9053de ob-harakiri-inherit elementor-widget elementor-widget-text-editor\" data-id=\"b9053de\" data-element_type=\"widget\" data-settings=\"{&quot;_ob_harakiri_writing_mode&quot;:&quot;inherit&quot;,&quot;_ob_perspektive_use&quot;:&quot;no&quot;,&quot;_ob_shadough_use&quot;:&quot;no&quot;,&quot;_ob_allow_hoveranimator&quot;:&quot;no&quot;}\" data-widget_type=\"text-editor.default\">\n\t\t\t\t<div class=\"elementor-widget-container\">\n\t\t\t\t\t<div class=\"elementor-text-editor elementor-clearfix\"><p>\u00deegar fisk er sleppt er mikilv\u00e6gt a\u00f0 halda haus fisks \u00ed staumstefnu og gefa honum g\u00f3\u00f0an t\u00edma til a\u00f0 jafna sig \u00e1\u00f0ur en honum er sleppt.<\/p><p>Ef merkja \u00e1 fisk er nau\u00f0synlegt a\u00f0 vera me\u00f0 b\u00fana\u00f0inn vi\u00f0 hendina til a\u00f0 tryggja flj\u00f3ta afgrei\u00f0slu. Nota einungis sam\u00feykktan merkingarb\u00fana\u00f0 og nota sam\u00feykkt merki fyrir<br \/>vi\u00f0komandi vatnakerfi. N\u00famer merkja og st\u00e6r\u00f0 fiska skal skr\u00e1 \u00ed vei\u00f0ib\u00f3k. Alla vei\u00f0i skal skr\u00e1 \u00ed vei\u00f0ib\u00f3k \u00e1samt umbe\u00f0num uppl\u00fdsingum<\/p><p>Ef bl\u00e6\u00f0ir \u00far t\u00e1lknum fisks e\u00f0a hann skaddast illa \u00ed me\u00f0h\u00f6ndlun, \u00fe\u00e1 er ekki r\u00e1\u00f0legt a\u00f0 sleppa honum.<\/p><\/div>\n\t\t\t\t<\/div>\n\t\t\t\t<\/div>\n\t\t\t\t\t\t<\/div>\n\t\t\t\t\t<\/div>\n\t\t<\/div>\n\t\t\t\t<div class=\"elementor-column elementor-col-66 elementor-top-column elementor-element elementor-element-2abb218\" data-id=\"2abb218\" data-element_type=\"column\" data-settings=\"{&quot;background_background&quot;:&quot;classic&quot;,&quot;_ob_teleporter_use&quot;:false,&quot;_ob_column_hoveranimator&quot;:&quot;no&quot;}\">\n\t\t\t<div class=\"elementor-column-wrap elementor-element-populated\">\n\t\t\t\t\t\t\t<div class=\"elementor-widget-wrap\">\n\t\t\t\t\t\t<div class=\"elementor-element elementor-element-20a6536 elementor-widget elementor-widget-spacer\" data-id=\"20a6536\" data-element_type=\"widget\" data-settings=\"{&quot;_ob_spacerat_use&quot;:&quot;no&quot;,&quot;_ob_perspektive_use&quot;:&quot;no&quot;,&quot;_ob_shadough_use&quot;:&quot;no&quot;,&quot;_ob_allow_hoveranimator&quot;:&quot;no&quot;}\" data-widget_type=\"spacer.default\">\n\t\t\t\t<div class=\"elementor-widget-container\">\n\t\t\t\t\t<div class=\"elementor-spacer\">\n\t\t\t<div class=\"elementor-spacer-inner\"><\/div>\n\t\t<\/div>\n\t\t\t\t<\/div>\n\t\t\t\t<\/div>\n\t\t\t\t\t\t<\/div>\n\t\t\t\t\t<\/div>\n\t\t<\/div>\n\t\t\t\t\t\t\t\t<\/div>\n\t\t\t\t\t<\/div>\n\t\t<\/section>\n\t\t\t\t\t\t<\/div>\n\t\t\t\t\t\t<\/div>\n\t\t\t\t\t<\/div>","protected":false},"excerpt":{"rendered":"<p>VEI\u00d0A OG SLEPPA HVA\u00d0 \u00deARFTU A\u00d0 VITA \u00deeim vei\u00f0im\u00f6nnum fer fj\u00f6lgandi sem sleppa stangveiddum fisk. \u00c1ri\u00f0 1996 var um 2,3% laxvei\u00f0innar sleppt aftur, en \u00e1ri\u00f0 2003 var \u00feetta hlutfall komi\u00f0 upp \u00ed 15,7% a\u00f0 me\u00f0altali, samkv\u00e6mt uppl\u00fdsingum fr\u00e1 Vei\u00f0im\u00e1lastofnun en \u00feetta hlutfall er mj\u00f6g breytilegt \u00ed \u00e1num. \u00dea\u00f0 er mikilv\u00e6gt a\u00f0 \u00fea\u00f0 s\u00e9 gert r\u00e9tt [&hellip;]<\/p>","protected":false},"author":1,"featured_media":0,"parent":0,"menu_order":0,"comment_status":"closed","ping_status":"closed","template":"elementor_header_footer","meta":{"om_disable_all_campaigns":false,"_mi_skip_tracking":false},"_links":{"self":[{"href":"https:\/\/angling.is\/en\/wp-json\/wp\/v2\/pages\/10361"}],"collection":[{"href":"https:\/\/angling.is\/en\/wp-json\/wp\/v2\/pages"}],"about":[{"href":"https:\/\/angling.is\/en\/wp-json\/wp\/v2\/types\/page"}],"author":[{"embeddable":true,"href":"https:\/\/angling.is\/en\/wp-json\/wp\/v2\/users\/1"}],"replies":[{"embeddable":true,"href":"https:\/\/angling.is\/en\/wp-json\/wp\/v2\/comments?post=10361"}],"version-history":[{"count":10,"href":"https:\/\/angling.is\/en\/wp-json\/wp\/v2\/pages\/10361\/revisions"}],"predecessor-version":[{"id":10377,"href":"https:\/\/angling.is\/en\/wp-json\/wp\/v2\/pages\/10361\/revisions\/10377"}],"wp:attachment":[{"href":"https:\/\/angling.is\/en\/wp-json\/wp\/v2\/media?parent=10361"}],"curies":[{"name":"wp","href":"https:\/\/api.w.org\/{rel}","templated":true}]}}