{"id":9922,"date":"2020-12-10T14:04:10","date_gmt":"2020-12-10T14:04:10","guid":{"rendered":"http:\/\/angling.levelap.rs\/?page_id=9922"},"modified":"2024-05-29T13:22:06","modified_gmt":"2024-05-29T13:22:06","slug":"samthykktir-lv","status":"publish","type":"page","link":"http:\/\/angling.is\/en\/landsamband-veidifelaga\/samthykktir-lv\/","title":{"rendered":"FIRO BYLAWS"},"content":{"rendered":"<div data-elementor-type=\"wp-page\" data-elementor-id=\"9922\" class=\"elementor elementor-9922\" data-elementor-settings=\"[]\">\n\t\t\t\t\t\t<div class=\"elementor-inner\">\n\t\t\t\t\t\t\t<div class=\"elementor-section-wrap\">\n\t\t\t\t\t\t\t<section class=\"ob-is-breaking-bad elementor-section elementor-top-section elementor-element elementor-element-706814f elementor-section-boxed elementor-section-height-default elementor-section-height-default\" data-id=\"706814f\" data-element_type=\"section\" data-settings=\"{&quot;_ob_bbad_use_it&quot;:&quot;yes&quot;,&quot;_ob_bbad_sssic_use&quot;:&quot;no&quot;,&quot;_ob_glider_is_slider&quot;:&quot;no&quot;}\">\n\t\t\t\t\t\t<div class=\"elementor-container elementor-column-gap-default\">\n\t\t\t\t\t\t\t<div class=\"elementor-row\">\n\t\t\t\t\t<div class=\"elementor-column elementor-col-100 elementor-top-column elementor-element elementor-element-970ca0f\" data-id=\"970ca0f\" data-element_type=\"column\" data-settings=\"{&quot;_ob_teleporter_use&quot;:false,&quot;_ob_column_hoveranimator&quot;:&quot;no&quot;}\">\n\t\t\t<div class=\"elementor-column-wrap elementor-element-populated\">\n\t\t\t\t\t\t\t<div class=\"elementor-widget-wrap\">\n\t\t\t\t\t\t<div class=\"elementor-element elementor-element-c656904 ob-harakiri-inherit elementor-widget elementor-widget-text-editor\" data-id=\"c656904\" data-element_type=\"widget\" data-settings=\"{&quot;_ob_harakiri_writing_mode&quot;:&quot;inherit&quot;,&quot;_ob_perspektive_use&quot;:&quot;no&quot;,&quot;_ob_shadough_use&quot;:&quot;no&quot;,&quot;_ob_allow_hoveranimator&quot;:&quot;no&quot;}\" data-widget_type=\"text-editor.default\">\n\t\t\t\t<div class=\"elementor-widget-container\">\n\t\t\t\t\t<div class=\"elementor-text-editor elementor-clearfix\"><h2>SAM\u00deYKKT LANDSSAMBANDS VEI\u00d0IF\u00c9LAGA<\/h2><h3>1. grein<\/h3><p>Sambandi\u00f0 heitir Landssamband vei\u00f0if\u00e9laga og starfar \u00e1 grundvelli laga um lax- og silungsvei\u00f0i. Heimili \u00feess og varnar\u00feing er \u00e1 skrifstofu \u00feess.<\/p><h3>2. grein<\/h3><p>Markmi\u00f0 sambandsins er a\u00f0 koma fram fyrir h\u00f6nd a\u00f0ildarf\u00e9laganna gagnvart hinu opinbera, efla starfsemi vei\u00f0if\u00e9laga og auka samstarf \u00feeirra, stu\u00f0la a\u00f0 b\u00e6ttri stj\u00f3rn vei\u00f0im\u00e1la, auka \u00feekkingu \u00e1 m\u00e1lefnum vei\u00f0if\u00e9laga og sinna \u00feeim m\u00e1lum \u00f6\u00f0rum, sem vei\u00f0ir\u00e9ttarh\u00f6fum mega vera til hagsb\u00f3ta.<\/p><h3>3. grein<\/h3><p>A\u00f0ilar a\u00f0 sambandinu eru \u00f6ll vei\u00f0if\u00e9l\u00f6g \u00ed landinu, sem stofnu\u00f0 eru og starfa \u00e1 grundvelli gildandi laga um lax- og silungsvei\u00f0i.<\/p><p>Vei\u00f0ir\u00e9ttarh\u00f6fum \u00ed fiskihverfi, vei\u00f0ivatni e\u00f0a landsv\u00e6\u00f0i \u00fear sem ekki er vei\u00f0if\u00e9lag er heimilt a\u00f0 s\u00e6kja um a\u00f0ild a\u00f0 Landssambandinu. A\u00f0alfundur Landssambandsins sta\u00f0festir a\u00f0ild n\u00fdrra a\u00f0ildarf\u00e9laga og \u00fearf til \u00feess sam\u00feykki 2\/3 hluta m\u00e6ttra fulltr\u00faa.<\/p><h3>4. grein<\/h3><p>Sambandi\u00f0 heldur a\u00f0alfund fyrir lok ju\u0301ni\u0301 a\u0301r hvert. Skal bo\u00f0a\u00f0 til hans skriflega me\u00f0 minnst ma\u0301na\u00f0ar fyrirvara. Heimilt er a\u00f0 bo\u00f0a til fundarins me\u00f0 to\u0308lvupo\u0301sti. \u00dea\u0301 skal fundurinn augly\u0301stur a\u0301 vefsi\u0301\u00f0u sambandsins og i\u0301 einum prentu\u00f0um mi\u00f0li. Fundurinn er lo\u0308gm\u00e6tur ef lo\u0308glega er til hans bo\u00f0a\u00f0.<\/p><p>A\u00f0ildarfe\u0301lo\u0308g skulu senda stjo\u0301rn sambandsins tillo\u0308gur \u00fe\u00e6r er \u00feau o\u0301ska a\u00f0 r\u00e6ddar se\u0301u a\u0301 a\u00f0alfundum eigi si\u0301\u00f0ar en tveimur vikum fyrir bo\u00f0a\u00f0an a\u00f0alfund. Stjo\u0301rn sambandsins skal senda allar tillo\u0308gur sem berast samkv\u00e6mt \u00feessari grein til a\u00f0ildarfe\u0301laga eigi si\u0301\u00f0ar en ti\u0301u do\u0308gum fyrir a\u00f0alfund.<\/p><h3>5. grein<\/h3><p>Hvert a\u00f0ildarf\u00e9lag hefir r\u00e9tt til a\u00f0 senda einn fulltr\u00faa \u00e1 fundi sambandsins fyrir hverja 40 f\u00e9laga e\u00f0a f\u00e6rri og einn fyrir brot af \u00feeirri t\u00f6lu, sem umfram er. Hefur hver fulltr\u00fai eitt atkv\u00e6\u00f0i \u00e1 fundum. Hvert a\u00f0ildarf\u00e9lag ber sj\u00e1lft kostna\u00f0 af fundarsetu sinna fulltr\u00faa. Afl atkv\u00e6\u00f0a r\u00e6\u00f0ur \u00farslitum m\u00e1la, nema um breytingar \u00e1 sam\u00feykktum, sbr. 13. grein.<\/p><h3>6. grein<\/h3><p>\u00c1 a\u00f0alfundi sambandsins skal stj\u00f3rn \u00feess gefa sk\u00fdrslu um starfsemi li\u00f0ins \u00e1rs, leggja fram endursko\u00f0a\u00f0a reikninga, svo og fj\u00e1rhags\u00e1\u00e6tlun fyrir yfirstandandi \u00e1r, og l\u00e1ta kj\u00f3sa stj\u00f3rn og sko\u00f0unarmenn reikninga samkv\u00e6mt 9. gr.<\/p><h3>7. grein<\/h3><p>A\u00f0alfundur LV \u00e1kve\u00f0ur \u00e1rleg f\u00e9lagsgj\u00f6ld eftir sam\u00feykktum gjaldskr\u00e1rgrunni. F\u00e9lagsgj\u00f6ldum skal jafna\u00f0 \u00e1 a\u00f0ildarf\u00e9l\u00f6g eftir gjaldskr\u00e1 sem byggir \u00e1 einingum. Grunnurinn uppf\u00e6rist \u00e1rlega, en skylt er a\u00f0 heildarendursko\u00f0un fari fram \u00e1 8 \u00e1ra fresti.<\/p><h3>8. grein<\/h3><p>\u00c1rgj\u00f6ld og a\u00f0rar tekjur, sem sambandi\u00f0 kann a\u00f0 hafa, skulu renna \u00ed sj\u00f3\u00f0 \u00feess, og skal honum vari\u00f0 til a\u00f0 grei\u00f0a kostna\u00f0 vi\u00f0 st\u00f6rf sambandsins og framkv\u00e6mdir. Um grei\u00f0slur \u00far honum fer a\u00f0 \u00f6\u00f0ru leyti eftir settum reglum \u00e1 hverjum t\u00edma.<\/p><p>A\u00f0ildarf\u00e9l\u00f6g, sem l\u00f6g\u00f0 eru ni\u00f0ur, eiga ekki tilkall til neins hluta af sj\u00f3\u00f0i \u00feess, enda getur sambandi\u00f0 ekki skuldbundi\u00f0 einst\u00f6k f\u00e9l\u00f6g me\u00f0 \u00f6\u00f0ru en \u00feeim gj\u00f6ldum, sem um getur \u00ed 7. gr.<\/p><h3>9. grein<\/h3><p>Stj\u00f3rn sambandsins skipa 5 menn kosnir \u00e1 a\u00f0alfundi. Kj\u00f6rt\u00edmabil \u00feeirra er 3 \u00e1r, og skulu \u00feeir ganga \u00far til skiptis, sitt \u00e1ri\u00f0 hverjir tveir og forma\u00f0ur \u00feri\u00f0ja \u00e1ri\u00f0. Forma\u00f0ur er \u00feannig kosinn s\u00e9rstaklega, en hinir 4 skulu vera sinn \u00far hverjum landsfj\u00f3r\u00f0ungi, svo og varamenn \u00feeirra. R\u00e6\u00f0ur \u00fear f\u00e9lagsa\u00f0ild en ekki b\u00faseta.<\/p><p>Heimilt er a\u00f0 bera fram tilnefningar vi\u00f0 stj\u00f3rnarkj\u00f6r. Komi a\u00f0eins fram tilnefningar um jafnmarga menn og kj\u00f3sa skal \u00far einst\u00f6kum fj\u00f3r\u00f0ungum eru \u00feeir sj\u00e1lfkj\u00f6rnir. Sama \u00e1 vi\u00f0 um formannskj\u00f6r.<\/p><p>Ef til kosninga kemur og enginn tilnefndra manna f\u00e6r hreinan meirihluta \u00ed fyrstu lotu, skal kj\u00f3sa aftur milli \u00feeirra tveggja, sem flest atkv\u00e6\u00f0i fengu \u00far vi\u00f0komandi landsfj\u00f3r\u00f0ungi. Sami h\u00e1ttur skal vi\u00f0haf\u00f0ur vi\u00f0 formannskj\u00f6r, eftir \u00fev\u00ed sem vi\u00f0 \u00e1. Fj\u00f3r\u00f0ungar \u00feeir, sem um r\u00e6\u00f0ir \u00ed grein \u00feessari afmarkast sem h\u00e9r segir:<\/p><p>1. Su\u00f0urland: Fr\u00e1 Skei\u00f0ar\u00e1 a\u00f0 Gullbringus\u00fdslu.<br \/>2. Vesturland: Fr\u00e1 Gullbringus\u00fdslu a\u00f0 Hr\u00fatafjar\u00f0ar\u00e1.<br \/>3. Nor\u00f0urland: Fr\u00e1 og me\u00f0 Hr\u00fatafjar\u00f0ar\u00e1 a\u00f0 Langanesi. 4. Austurland: Fr\u00e1 Langanesi a\u00f0 Skei\u00f0ar\u00e1.<\/p><p>Stj\u00f3rnin k\u00fds varaformann \u00far s\u00ednum h\u00f3pi og skiptir a\u00f0 \u00f6\u00f0ru leyti sj\u00e1lf me\u00f0 s\u00e9r verkum.<\/p><p>A\u00f0alfundur k\u00fds 2 sko\u00f0unarmenn reikninga og tvo til vara, kosning \u00feeirra gildir um tv\u00f6 \u00e1r og ganga \u00feeir \u00far sitt \u00e1ri\u00f0 hvor.<\/p><h3>10. grein<\/h3><p>Forma\u00f0ur kve\u00f0ur til stj\u00f3rnarfunda, er \u00fe\u00f6rf krefur e\u00f0a me\u00f0stj\u00f3rnendur \u00f3ska \u00feess, enda geri \u00feeir grein fyrir fundarefni. Geti a\u00f0alma\u00f0ur ekki s\u00f3tt fund skal kve\u00f0ja varamann \u00ed hans sta\u00f0. Afl atkv\u00e6\u00f0a r\u00e6\u00f0ur \u00farslitum \u00e1 stj\u00f3rnarfundum.<\/p><h3>11. grein<\/h3><p>Stj\u00f3rnin hefir \u00e1 hendi allar framkv\u00e6mdir milli a\u00f0alfunda og kemur fram fyrir h\u00f6nd sambandsins. Stj\u00f3rnin kve\u00f0ur einnig til aukafunda \u00feegar h\u00fan telur \u00feeirra \u00fe\u00f6rf, e\u00f0a \u00feegar 1\/3 sambandsfulltr\u00faa \u00e6skja \u00feess, enda geri \u00feeir \u00e1\u00f0ur grein fyrir fundarefni.<\/p><p>Meirihluti stj\u00f3rnar ritar firma Landssambandsins. Stj\u00f3rn r\u00e6\u00f0ur framkv\u00e6mdastj\u00f3ra sambandsins.<\/p><h3>12. grein<\/h3><p>Framkv\u00e6mdastj\u00f3ri sambandsins er pr\u00f3k\u00faruhafi og annast daglega yfirstj\u00f3rn \u00feess \u00ed samr\u00e6mi vi\u00f0 \u00e1kvar\u00f0anir stj\u00f3rnar.<\/p><h3>13. grein<\/h3><p>Breytingar \u00e1 sam\u00feykktum \u00feessum m\u00e1 a\u00f0eins gera \u00e1 a\u00f0alfundi og n\u00e1 \u00fe\u00e6r sam\u00feykki, ef 2\/3 hlutar m\u00e6ttra fulltr\u00faa grei\u00f0a \u00feeim atkv\u00e6\u00f0i.<\/p><h3>14. grein<\/h3><p>Ver\u00f0i sambandi\u00f0 lagt ni\u00f0ur, r\u00e1\u00f0stafar s\u00ed\u00f0asti a\u00f0alfundur eigum \u00feess.<\/p><p>\u00deannig sam\u00feykkt \u00e1 a\u00f0alfundi 2020.<\/p><\/div>\n\t\t\t\t<\/div>\n\t\t\t\t<\/div>\n\t\t\t\t\t\t<\/div>\n\t\t\t\t\t<\/div>\n\t\t<\/div>\n\t\t\t\t\t\t\t\t<\/div>\n\t\t\t\t\t<\/div>\n\t\t<\/section>\n\t\t\t\t\t\t<\/div>\n\t\t\t\t\t\t<\/div>\n\t\t\t\t\t<\/div>","protected":false},"excerpt":{"rendered":"<p>SAM\u00deYKKT LANDSSAMBANDS VEI\u00d0IF\u00c9LAGA 1. grein Sambandi\u00f0 heitir Landssamband vei\u00f0if\u00e9laga og starfar \u00e1 grundvelli laga um lax- og silungsvei\u00f0i. Heimili \u00feess og varnar\u00feing er \u00e1 skrifstofu \u00feess. 2. grein Markmi\u00f0 sambandsins er a\u00f0 koma fram fyrir h\u00f6nd a\u00f0ildarf\u00e9laganna gagnvart hinu opinbera, efla starfsemi vei\u00f0if\u00e9laga og auka samstarf \u00feeirra, stu\u00f0la a\u00f0 b\u00e6ttri stj\u00f3rn vei\u00f0im\u00e1la, auka \u00feekkingu \u00e1 [&hellip;]<\/p>","protected":false},"author":1,"featured_media":0,"parent":9382,"menu_order":0,"comment_status":"closed","ping_status":"closed","template":"","meta":{"om_disable_all_campaigns":false,"_mi_skip_tracking":false},"_links":{"self":[{"href":"http:\/\/angling.is\/en\/wp-json\/wp\/v2\/pages\/9922"}],"collection":[{"href":"http:\/\/angling.is\/en\/wp-json\/wp\/v2\/pages"}],"about":[{"href":"http:\/\/angling.is\/en\/wp-json\/wp\/v2\/types\/page"}],"author":[{"embeddable":true,"href":"http:\/\/angling.is\/en\/wp-json\/wp\/v2\/users\/1"}],"replies":[{"embeddable":true,"href":"http:\/\/angling.is\/en\/wp-json\/wp\/v2\/comments?post=9922"}],"version-history":[{"count":10,"href":"http:\/\/angling.is\/en\/wp-json\/wp\/v2\/pages\/9922\/revisions"}],"predecessor-version":[{"id":12181,"href":"http:\/\/angling.is\/en\/wp-json\/wp\/v2\/pages\/9922\/revisions\/12181"}],"up":[{"embeddable":true,"href":"http:\/\/angling.is\/en\/wp-json\/wp\/v2\/pages\/9382"}],"wp:attachment":[{"href":"http:\/\/angling.is\/en\/wp-json\/wp\/v2\/media?parent=9922"}],"curies":[{"name":"wp","href":"https:\/\/api.w.org\/{rel}","templated":true}]}}