{"id":9859,"date":"2020-12-10T11:46:51","date_gmt":"2020-12-10T11:46:51","guid":{"rendered":"http:\/\/angling.levelap.rs\/?page_id=9859"},"modified":"2025-09-05T14:12:29","modified_gmt":"2025-09-05T14:12:29","slug":"um-lv","status":"publish","type":"page","link":"http:\/\/angling.is\/en\/landsamband-veidifelaga\/um-lv\/","title":{"rendered":"ABOUT FIRO"},"content":{"rendered":"<div data-elementor-type=\"wp-page\" data-elementor-id=\"9859\" class=\"elementor elementor-9859\" data-elementor-settings=\"[]\">\n\t\t\t\t\t\t<div class=\"elementor-inner\">\n\t\t\t\t\t\t\t<div class=\"elementor-section-wrap\">\n\t\t\t\t\t\t\t<section class=\"ob-is-breaking-bad elementor-section elementor-top-section elementor-element elementor-element-9b0fddb elementor-section-boxed elementor-section-height-default elementor-section-height-default\" data-id=\"9b0fddb\" data-element_type=\"section\" data-settings=\"{&quot;_ob_bbad_use_it&quot;:&quot;yes&quot;,&quot;_ob_bbad_sssic_use&quot;:&quot;no&quot;,&quot;_ob_glider_is_slider&quot;:&quot;no&quot;}\">\n\t\t\t\t\t\t<div class=\"elementor-container elementor-column-gap-default\">\n\t\t\t\t\t\t\t<div class=\"elementor-row\">\n\t\t\t\t\t<div class=\"elementor-column elementor-col-100 elementor-top-column elementor-element elementor-element-3b709b8\" data-id=\"3b709b8\" data-element_type=\"column\" data-settings=\"{&quot;_ob_teleporter_use&quot;:false,&quot;_ob_column_hoveranimator&quot;:&quot;no&quot;}\">\n\t\t\t<div class=\"elementor-column-wrap elementor-element-populated\">\n\t\t\t\t\t\t\t<div class=\"elementor-widget-wrap\">\n\t\t\t\t\t\t<div class=\"elementor-element elementor-element-85d2750 ob-harakiri-inherit elementor-widget elementor-widget-text-editor\" data-id=\"85d2750\" data-element_type=\"widget\" data-settings=\"{&quot;_ob_harakiri_writing_mode&quot;:&quot;inherit&quot;,&quot;_ob_perspektive_use&quot;:&quot;no&quot;,&quot;_ob_shadough_use&quot;:&quot;no&quot;,&quot;_ob_allow_hoveranimator&quot;:&quot;no&quot;}\" data-widget_type=\"text-editor.default\">\n\t\t\t\t<div class=\"elementor-widget-container\">\n\t\t\t\t\t<div class=\"elementor-text-editor elementor-clearfix\"><p>M\u00f6nnum er skylt a\u00f0 hafa me\u00f0 s\u00e9r f\u00e9lagsskap um vei\u00f0i \u00ed hverju fiskihverfi, sbr. 1. mgr. 37. gr. laga nr. 61\/2006 um lax- og silungsvei\u00f0i. \u00deessi f\u00e9lagsskapur kallast vei\u00f0if\u00e9l\u00f6g. Landssamband vei\u00f0if\u00e9laga er landssamt\u00f6k allra vei\u00f0if\u00e9laga \u00e1 \u00cdslandi og starfar \u00e1 grundvelli 5. mgr. 4. gr. s\u00f6mu laga.<\/p><p>Landssamband vei\u00f0if\u00e9laga var stofna\u00f0 \u00e1ri\u00f0 1958 og hlutverk \u00feess er a\u00f0 g\u00e6ta sameiginlegra hagsmuna vei\u00f0if\u00e9laga \u00e1 \u00cdslandi. Hlutverk \u00feess er einnig a\u00f0 koma fram fyrir h\u00f6nd \u00feeirra gagnvart hinu opinbera, efla starfsemi vei\u00f0if\u00e9laga og auka samstarf \u00feeirra, stu\u00f0la a\u00f0 b\u00e6ttri stj\u00f3rn vei\u00f0im\u00e1la og auka \u00feekkingu \u00e1 m\u00e1lefnum vei\u00f0if\u00e9laga.<\/p><h2>STJ\u00d3RN OG FRAMKV\u00c6MDASTJ\u00d3RI LV<\/h2><p>Samkv\u00e6mt 9. gr. sam\u00feykkta Landssambands vei\u00f0if\u00e9laga skipa fimm menn stj\u00f3rnina og skulu \u00feeir kosnir \u00e1 a\u00f0alfundi. Kj\u00f6rt\u00edmabil \u00feeirra er 3 \u00e1r, og skulu \u00feeir ganga \u00far til skiptis, sitt \u00e1ri\u00f0 hverjir tveir og forma\u00f0ur \u00feri\u00f0ja \u00e1ri\u00f0. Forma\u00f0ur er \u00feannig kosinn s\u00e9rstaklega, en hinir 4 skulu vera sinn \u00far hverjum landsfj\u00f3r\u00f0ungi svo og varamenn \u00feeirra.<\/p><p>Forma\u00f0ur Landssambands vei\u00f0if\u00e9laga er J\u00f3n Helgi Bj\u00f6rnsson, Laxam\u00fdri. Hann var fyrst kj\u00f6rinn \u00e1 a\u00f0alfundi Landssambandsins \u00e1ri\u00f0 2015 og endurkj\u00f6rinn \u00e1rin 2018, 2021 og 2024. N\u00e6st ver\u00f0ur kosi\u00f0 um formannss\u00e6ti\u00f0 \u00e1 a\u00f0alfundi \u00e1ri\u00f0 2027.<\/p><p>\u00dar Su\u00f0urlandsfj\u00f3r\u00f0ungi, fr\u00e1 Skei\u00f0ar\u00e1 a\u00f0 Gullbringus\u00fdslu, kemur stj\u00f3rnarma\u00f0urinn Ari \u00c1rnason fr\u00e1 Vei\u00f0if\u00e9lag Ytri-Rang\u00e1r og vesturhluta H\u00f3ls\u00e1r. Hann var fyrst kj\u00f6rinn \u00ed stj\u00f3rn Landssambandsins \u00e1ri\u00f0 2025. N\u00e6st ver\u00f0ur kosi\u00f0 um hans s\u00e6ti \u00e1 a\u00f0alfundi \u00e1ri\u00f0 2028. Varama\u00f0ur Ara er Haraldur \u00de\u00f3r J\u00f3nsson fr\u00e1 Vei\u00f0if\u00e9lagi \u00dej\u00f3rs\u00e1r.<\/p><p>\u00dar Vesturlandsfj\u00f3r\u00f0ungi, fr\u00e1 Gullbringus\u00fdslu a\u00f0 Hr\u00fatafjar\u00f0ar\u00e1, kemur stj\u00f3rnarma\u00f0urinn J\u00f3n Egilsson, Sau\u00f0h\u00fasum. Hann var fyrst kj\u00f6rinn \u00ed stj\u00f3rn Landssambandsins \u00e1ri\u00f0 2014 og endurkj\u00f6rinn 2017, 2020 og 2023. N\u00e6st ver\u00f0ur kosi\u00f0 um hans s\u00e6ti \u00e1 a\u00f0alfundi \u00e1ri\u00f0 2026<span style=\"font-family: 'Open Sans', sans-serif; font-size: 16px; font-style: normal; font-variant-ligatures: normal; font-variant-caps: normal; font-weight: 400; color: var( --e-global-color-text );\">.<\/span><span style=\"font-size: 16px; color: var( --e-global-color-text );\"> Varama\u00f0ur J\u00f3ns er J\u00f3n G\u00edslason.<\/span><\/p><p>\u00dar Nor\u00f0urlandsfj\u00f3r\u00f0ungi, fr\u00e1 og me\u00f0 Hr\u00fatafjar\u00f0ar\u00e1 a\u00f0 Langanesi, kemur stj\u00f3rnarma\u00f0urinn Kristj\u00e1n \u00deorbj\u00f6rnsson fr\u00e1 Vatnsdal. Hann var fyrst kj\u00f6rinn \u00ed stj\u00f3rn Landssambandsins \u00e1ri\u00f0 2025 og n\u00e6st ver\u00f0ur kosi\u00f0 um hans s\u00e6ti \u00e1 a\u00f0alfundi \u00e1ri\u00f0 2028. Varama\u00f0ur Kristj\u00e1ns er \u00c1rni P\u00e9tur Hilmarsson.<\/p><p>\u00dar Austurlandsfj\u00f3r\u00f0ungi, fr\u00e1 Langanesi a\u00f0 Skei\u00f0ar\u00e1, kemur stj\u00f3rnarma\u00f0urinn Gunnlaugur Stef\u00e1nsson, Heyd\u00f6lum. Hann var fyrst kj\u00f6rinn \u00ed stj\u00f3rn Landssambandsins \u00e1ri\u00f0 2020 og endurkj\u00f6rinn \u00e1ri\u00f0 2023. N\u00e6st ver\u00f0ur kosi\u00f0 um hans s\u00e6ti \u00e1 a\u00f0alfundi \u00e1ri\u00f0 2026.<span style=\"font-family: 'Open Sans', sans-serif; font-size: 16px; font-style: normal; font-variant-ligatures: normal; font-variant-caps: normal; font-weight: 400; color: var( --e-global-color-text );\">\u00a0<\/span><span style=\"font-size: 16px; color: var( --e-global-color-text );\">Varama\u00f0ur Gunnlaugs er Stef\u00e1n Gu\u00f0nason.<\/span><\/p><p>Framkv\u00e6mdastj\u00f3ri Landssambands vei\u00f0if\u00e9laga er J\u00f3hann Helgi Stef\u00e1nsson (<a href=\"mailto:johann@angling.is\">johann@angling.is<\/a>).<\/p><\/div>\n\t\t\t\t<\/div>\n\t\t\t\t<\/div>\n\t\t\t\t\t\t<\/div>\n\t\t\t\t\t<\/div>\n\t\t<\/div>\n\t\t\t\t\t\t\t\t<\/div>\n\t\t\t\t\t<\/div>\n\t\t<\/section>\n\t\t\t\t\t\t<\/div>\n\t\t\t\t\t\t<\/div>\n\t\t\t\t\t<\/div>","protected":false},"excerpt":{"rendered":"<p>M\u00f6nnum er skylt a\u00f0 hafa me\u00f0 s\u00e9r f\u00e9lagsskap um vei\u00f0i \u00ed hverju fiskihverfi, sbr. 1. mgr. 37. gr. laga nr. 61\/2006 um lax- og silungsvei\u00f0i. \u00deessi f\u00e9lagsskapur kallast vei\u00f0if\u00e9l\u00f6g. Landssamband vei\u00f0if\u00e9laga er landssamt\u00f6k allra vei\u00f0if\u00e9laga \u00e1 \u00cdslandi og starfar \u00e1 grundvelli 5. mgr. 4. gr. s\u00f6mu laga. Landssamband vei\u00f0if\u00e9laga var stofna\u00f0 \u00e1ri\u00f0 1958 og hlutverk [&hellip;]<\/p>","protected":false},"author":1,"featured_media":0,"parent":9382,"menu_order":0,"comment_status":"closed","ping_status":"closed","template":"","meta":{"om_disable_all_campaigns":false,"_mi_skip_tracking":false},"_links":{"self":[{"href":"http:\/\/angling.is\/en\/wp-json\/wp\/v2\/pages\/9859"}],"collection":[{"href":"http:\/\/angling.is\/en\/wp-json\/wp\/v2\/pages"}],"about":[{"href":"http:\/\/angling.is\/en\/wp-json\/wp\/v2\/types\/page"}],"author":[{"embeddable":true,"href":"http:\/\/angling.is\/en\/wp-json\/wp\/v2\/users\/1"}],"replies":[{"embeddable":true,"href":"http:\/\/angling.is\/en\/wp-json\/wp\/v2\/comments?post=9859"}],"version-history":[{"count":76,"href":"http:\/\/angling.is\/en\/wp-json\/wp\/v2\/pages\/9859\/revisions"}],"predecessor-version":[{"id":12336,"href":"http:\/\/angling.is\/en\/wp-json\/wp\/v2\/pages\/9859\/revisions\/12336"}],"up":[{"embeddable":true,"href":"http:\/\/angling.is\/en\/wp-json\/wp\/v2\/pages\/9382"}],"wp:attachment":[{"href":"http:\/\/angling.is\/en\/wp-json\/wp\/v2\/media?parent=9859"}],"curies":[{"name":"wp","href":"https:\/\/api.w.org\/{rel}","templated":true}]}}