{"id":9120,"date":"2020-12-03T21:25:25","date_gmt":"2020-12-03T21:25:25","guid":{"rendered":"http:\/\/angling.local\/?page_id=9120"},"modified":"2024-06-06T15:25:52","modified_gmt":"2024-06-06T15:25:52","slug":"home","status":"publish","type":"page","link":"http:\/\/angling.is\/en\/","title":{"rendered":"Home"},"content":{"rendered":"<div data-elementor-type=\"wp-page\" data-elementor-id=\"9120\" class=\"elementor elementor-9120\" data-elementor-settings=\"[]\">\n\t\t\t\t\t\t<div class=\"elementor-inner\">\n\t\t\t\t\t\t\t<div class=\"elementor-section-wrap\">\n\t\t\t\t\t\t\t<section class=\"ob-is-breaking-bad elementor-section elementor-top-section elementor-element elementor-element-0ef483b elementor-section-height-min-height elementor-section-content-bottom elementor-section-items-bottom elementor-section-boxed elementor-section-height-default\" data-id=\"0ef483b\" data-element_type=\"section\" data-settings=\"{&quot;background_background&quot;:&quot;classic&quot;,&quot;_ob_bbad_use_it&quot;:&quot;yes&quot;,&quot;_ob_bbad_sssic_use&quot;:&quot;no&quot;,&quot;_ob_glider_is_slider&quot;:&quot;no&quot;}\">\n\t\t\t\t\t\t\t<div class=\"elementor-background-overlay\"><\/div>\n\t\t\t\t\t\t\t<div class=\"elementor-container elementor-column-gap-default\">\n\t\t\t\t\t\t\t<div class=\"elementor-row\">\n\t\t\t\t\t<div class=\"elementor-column elementor-col-50 elementor-top-column elementor-element elementor-element-cce61a3\" data-id=\"cce61a3\" data-element_type=\"column\" data-settings=\"{&quot;_ob_teleporter_use&quot;:false,&quot;_ob_column_hoveranimator&quot;:&quot;no&quot;}\">\n\t\t\t<div class=\"elementor-column-wrap elementor-element-populated\">\n\t\t\t\t\t\t\t<div class=\"elementor-widget-wrap\">\n\t\t\t\t\t\t<div class=\"elementor-element elementor-element-5b19ee1 ob-harakiri-inherit elementor-widget elementor-widget-heading\" data-id=\"5b19ee1\" data-element_type=\"widget\" data-settings=\"{&quot;_ob_harakiri_writing_mode&quot;:&quot;inherit&quot;,&quot;_ob_perspektive_use&quot;:&quot;no&quot;,&quot;_ob_shadough_use&quot;:&quot;no&quot;,&quot;_ob_allow_hoveranimator&quot;:&quot;no&quot;}\" data-widget_type=\"heading.default\">\n\t\t\t\t<div class=\"elementor-widget-container\">\n\t\t\t<h1 class=\"elementor-heading-title elementor-size-default\">Landssamband vei\u00f0if\u00e9laga<\/h1>\t\t<\/div>\n\t\t\t\t<\/div>\n\t\t\t\t<div class=\"elementor-element elementor-element-b54c94e ob-harakiri-inherit elementor-widget elementor-widget-text-editor\" data-id=\"b54c94e\" data-element_type=\"widget\" data-settings=\"{&quot;_ob_harakiri_writing_mode&quot;:&quot;inherit&quot;,&quot;_ob_perspektive_use&quot;:&quot;no&quot;,&quot;_ob_shadough_use&quot;:&quot;no&quot;,&quot;_ob_allow_hoveranimator&quot;:&quot;no&quot;}\" data-widget_type=\"text-editor.default\">\n\t\t\t\t<div class=\"elementor-widget-container\">\n\t\t\t\t\t<div class=\"elementor-text-editor elementor-clearfix\"><p>The Federation of Icelandic River Owners collects weekly catch statistics. Take a look at the 2020 statistics here.<\/p><\/div>\n\t\t\t\t<\/div>\n\t\t\t\t<\/div>\n\t\t\t\t<div class=\"elementor-element elementor-element-4431275 elementor-widget elementor-widget-button\" data-id=\"4431275\" data-element_type=\"widget\" data-settings=\"{&quot;_ob_butterbutton_use_it&quot;:&quot;no&quot;,&quot;_ob_perspektive_use&quot;:&quot;no&quot;,&quot;_ob_shadough_use&quot;:&quot;no&quot;,&quot;_ob_allow_hoveranimator&quot;:&quot;no&quot;}\" data-widget_type=\"button.default\">\n\t\t\t\t<div class=\"elementor-widget-container\">\n\t\t\t\t\t<div class=\"elementor-button-wrapper\">\n\t\t\t<a href=\"https:\/\/veiditolur.angling.is\" class=\"elementor-button-link elementor-button elementor-size-sm\" role=\"button\">\n\t\t\t\t\t\t<span class=\"elementor-button-content-wrapper\">\n\t\t\t\t\t\t<span class=\"elementor-button-text\">Statistics \u21c0<\/span>\n\t\t<\/span>\n\t\t\t\t\t<\/a>\n\t\t<\/div>\n\t\t\t\t<\/div>\n\t\t\t\t<\/div>\n\t\t\t\t\t\t<\/div>\n\t\t\t\t\t<\/div>\n\t\t<\/div>\n\t\t\t\t<div class=\"elementor-column elementor-col-50 elementor-top-column elementor-element elementor-element-98c554b\" data-id=\"98c554b\" data-element_type=\"column\" data-settings=\"{&quot;_ob_teleporter_use&quot;:false,&quot;_ob_column_hoveranimator&quot;:&quot;no&quot;}\">\n\t\t\t<div class=\"elementor-column-wrap elementor-element-populated\">\n\t\t\t\t\t\t\t<div class=\"elementor-widget-wrap\">\n\t\t\t\t\t\t<div class=\"elementor-element elementor-element-95e38d5 elementor-button-danger elementor-align-justify elementor-widget elementor-widget-button\" data-id=\"95e38d5\" data-element_type=\"widget\" data-settings=\"{&quot;_ob_butterbutton_use_it&quot;:&quot;no&quot;,&quot;_ob_perspektive_use&quot;:&quot;no&quot;,&quot;_ob_shadough_use&quot;:&quot;no&quot;,&quot;_ob_allow_hoveranimator&quot;:&quot;no&quot;}\" data-widget_type=\"button.default\">\n\t\t\t\t<div class=\"elementor-widget-container\">\n\t\t\t\t\t<div class=\"elementor-button-wrapper\">\n\t\t\t<a href=\"https:\/\/strokulax.is\/\" target=\"_blank\" class=\"elementor-button-link elementor-button elementor-size-lg\" role=\"button\">\n\t\t\t\t\t\t<span class=\"elementor-button-content-wrapper\">\n\t\t\t\t\t\t<span class=\"elementor-button-icon elementor-align-icon-right\">\n\t\t\t\t<i aria-hidden=\"true\" class=\"fas fa-fish\"><\/i>\t\t\t<\/span>\n\t\t\t\t\t\t<span class=\"elementor-button-text\">strokulaxar - kort af dreifingu<\/span>\n\t\t<\/span>\n\t\t\t\t\t<\/a>\n\t\t<\/div>\n\t\t\t\t<\/div>\n\t\t\t\t<\/div>\n\t\t\t\t\t\t<\/div>\n\t\t\t\t\t<\/div>\n\t\t<\/div>\n\t\t\t\t\t\t\t\t<\/div>\n\t\t\t\t\t<\/div>\n\t\t<\/section>\n\t\t\t\t<section class=\"ob-is-breaking-bad elementor-section elementor-top-section elementor-element elementor-element-8211e44 elementor-section-boxed elementor-section-height-default elementor-section-height-default\" data-id=\"8211e44\" data-element_type=\"section\" data-settings=\"{&quot;background_background&quot;:&quot;classic&quot;,&quot;_ob_bbad_use_it&quot;:&quot;yes&quot;,&quot;_ob_bbad_sssic_use&quot;:&quot;no&quot;,&quot;_ob_glider_is_slider&quot;:&quot;no&quot;}\">\n\t\t\t\t\t\t<div class=\"elementor-container elementor-column-gap-default\">\n\t\t\t\t\t\t\t<div class=\"elementor-row\">\n\t\t\t\t\t<div class=\"elementor-column elementor-col-25 elementor-top-column elementor-element elementor-element-80ae7fc\" data-id=\"80ae7fc\" data-element_type=\"column\" data-settings=\"{&quot;_ob_teleporter_use&quot;:false,&quot;_ob_column_hoveranimator&quot;:&quot;no&quot;}\">\n\t\t\t<div class=\"elementor-column-wrap elementor-element-populated\">\n\t\t\t\t\t\t\t<div class=\"elementor-widget-wrap\">\n\t\t\t\t\t\t<div class=\"elementor-element elementor-element-8cebb1f elementor-view-default elementor-widget elementor-widget-icon\" data-id=\"8cebb1f\" data-element_type=\"widget\" data-settings=\"{&quot;_ob_perspektive_use&quot;:&quot;no&quot;,&quot;_ob_shadough_use&quot;:&quot;no&quot;,&quot;_ob_allow_hoveranimator&quot;:&quot;no&quot;}\" data-widget_type=\"icon.default\">\n\t\t\t\t<div class=\"elementor-widget-container\">\n\t\t\t\t\t<div class=\"elementor-icon-wrapper\">\n\t\t\t<div class=\"elementor-icon\">\n\t\t\t<i aria-hidden=\"true\" class=\"far fa-bell\"><\/i>\t\t\t<\/div>\n\t\t<\/div>\n\t\t\t\t<\/div>\n\t\t\t\t<\/div>\n\t\t\t\t\t\t<\/div>\n\t\t\t\t\t<\/div>\n\t\t<\/div>\n\t\t\t\t<div class=\"elementor-column elementor-col-50 elementor-top-column elementor-element elementor-element-b9008f7\" data-id=\"b9008f7\" data-element_type=\"column\" data-settings=\"{&quot;_ob_teleporter_use&quot;:false,&quot;_ob_column_hoveranimator&quot;:&quot;no&quot;}\">\n\t\t\t<div class=\"elementor-column-wrap elementor-element-populated\">\n\t\t\t\t\t\t\t<div class=\"elementor-widget-wrap\">\n\t\t\t\t\t\t<div class=\"elementor-element elementor-element-80064b9 ob-harakiri-inherit elementor-widget elementor-widget-heading\" data-id=\"80064b9\" data-element_type=\"widget\" data-settings=\"{&quot;_ob_harakiri_writing_mode&quot;:&quot;inherit&quot;,&quot;_ob_perspektive_use&quot;:&quot;no&quot;,&quot;_ob_shadough_use&quot;:&quot;no&quot;,&quot;_ob_allow_hoveranimator&quot;:&quot;no&quot;}\" data-widget_type=\"heading.default\">\n\t\t\t\t<div class=\"elementor-widget-container\">\n\t\t\t<h3 class=\"elementor-heading-title elementor-size-default\">N\u00fdjar vei\u00f0it\u00f6lur eru birtar \u00e1 fimmtud\u00f6gum \u00ed allt sumar<\/h3>\t\t<\/div>\n\t\t\t\t<\/div>\n\t\t\t\t\t\t<\/div>\n\t\t\t\t\t<\/div>\n\t\t<\/div>\n\t\t\t\t<div class=\"elementor-column elementor-col-25 elementor-top-column elementor-element elementor-element-48e47ee\" data-id=\"48e47ee\" data-element_type=\"column\" data-settings=\"{&quot;_ob_teleporter_use&quot;:false,&quot;_ob_column_hoveranimator&quot;:&quot;no&quot;}\">\n\t\t\t<div class=\"elementor-column-wrap\">\n\t\t\t\t\t\t\t<div class=\"elementor-widget-wrap\">\n\t\t\t\t\t\t\t\t<\/div>\n\t\t\t\t\t<\/div>\n\t\t<\/div>\n\t\t\t\t\t\t\t\t<\/div>\n\t\t\t\t\t<\/div>\n\t\t<\/section>\n\t\t\t\t<section class=\"ob-is-breaking-bad elementor-section elementor-top-section elementor-element elementor-element-c381494 elementor-section-boxed elementor-section-height-default elementor-section-height-default\" data-id=\"c381494\" data-element_type=\"section\" data-settings=\"{&quot;_ob_bbad_use_it&quot;:&quot;yes&quot;,&quot;_ob_bbad_sssic_use&quot;:&quot;no&quot;,&quot;_ob_glider_is_slider&quot;:&quot;no&quot;}\">\n\t\t\t\t\t\t<div class=\"elementor-container elementor-column-gap-default\">\n\t\t\t\t\t\t\t<div class=\"elementor-row\">\n\t\t\t\t\t<div class=\"elementor-column elementor-col-100 elementor-top-column elementor-element elementor-element-e435c5a\" data-id=\"e435c5a\" data-element_type=\"column\" data-settings=\"{&quot;_ob_teleporter_use&quot;:false,&quot;_ob_column_hoveranimator&quot;:&quot;no&quot;}\">\n\t\t\t<div class=\"elementor-column-wrap elementor-element-populated\">\n\t\t\t\t\t\t\t<div class=\"elementor-widget-wrap\">\n\t\t\t\t\t\t<div class=\"elementor-element elementor-element-f76a69a ob-harakiri-inherit elementor-widget elementor-widget-heading\" data-id=\"f76a69a\" data-element_type=\"widget\" data-settings=\"{&quot;_ob_harakiri_writing_mode&quot;:&quot;inherit&quot;,&quot;_ob_perspektive_use&quot;:&quot;no&quot;,&quot;_ob_shadough_use&quot;:&quot;no&quot;,&quot;_ob_allow_hoveranimator&quot;:&quot;no&quot;}\" data-widget_type=\"heading.default\">\n\t\t\t\t<div class=\"elementor-widget-container\">\n\t\t\t<h2 class=\"elementor-heading-title elementor-size-default\">News<\/h2>\t\t<\/div>\n\t\t\t\t<\/div>\n\t\t\t\t<div class=\"elementor-element elementor-element-f13edd2 elementor-widget-divider--view-line_text elementor-widget-divider--element-align-center ob-has-background-overlay elementor-widget elementor-widget-divider\" data-id=\"f13edd2\" data-element_type=\"widget\" data-settings=\"{&quot;_ob_perspektive_use&quot;:&quot;no&quot;,&quot;_ob_shadough_use&quot;:&quot;no&quot;,&quot;_ob_allow_hoveranimator&quot;:&quot;no&quot;}\" data-widget_type=\"divider.default\">\n\t\t\t\t<div class=\"elementor-widget-container\">\n\t\t\t\t\t<div class=\"elementor-divider\">\n\t\t\t<span class=\"elementor-divider-separator\">\n\t\t\t\t\t\t\t<span class=\"elementor-divider__text elementor-divider__element\">n\u00fdjustu fr\u00e9ttir og regluger\u00f0ir<\/span>\n\t\t\t\t\t\t<\/span>\n\t\t<\/div>\n\t\t\t\t<\/div>\n\t\t\t\t<\/div>\n\t\t\t\t<div class=\"elementor-element elementor-element-4837b34 elementor-posts--thumbnail-none elementor-grid-3 elementor-grid-tablet-2 elementor-grid-mobile-1 elementor-widget elementor-widget-posts\" data-id=\"4837b34\" data-element_type=\"widget\" data-settings=\"{&quot;classic_columns&quot;:&quot;3&quot;,&quot;classic_columns_tablet&quot;:&quot;2&quot;,&quot;classic_columns_mobile&quot;:&quot;1&quot;,&quot;classic_row_gap&quot;:{&quot;unit&quot;:&quot;px&quot;,&quot;size&quot;:35,&quot;sizes&quot;:[]},&quot;_ob_perspektive_use&quot;:&quot;no&quot;,&quot;_ob_shadough_use&quot;:&quot;no&quot;,&quot;_ob_allow_hoveranimator&quot;:&quot;no&quot;}\" data-widget_type=\"posts.classic\">\n\t\t\t\t<div class=\"elementor-widget-container\">\n\t\t\t\t\t<div class=\"elementor-posts-container elementor-posts elementor-posts--skin-classic elementor-grid\">\n\t\t\t\t<article class=\"elementor-post elementor-grid-item post-12368 post type-post status-publish format-standard hentry category-uncategorized category-frettir category-utbod entry\">\n\t\t\t\t<div class=\"elementor-post__text\">\n\t\t\t\t<h3 class=\"elementor-post__title\">\n\t\t\t<a href=\"http:\/\/angling.is\/en\/veidifelag-skaftartungumanna-oskar-eftir-tilbodum-i-veidi-i-stakahnukslon\/\" >\n\t\t\t\tVei\u00f0if\u00e9lag Skaft\u00e1rtungumanna \u00f3skar eftir tilbo\u00f0um \u00ed vei\u00f0i \u00ed Stakahn\u00faksl\u00f3n\t\t\t<\/a>\n\t\t<\/h3>\n\t\t\t\t<div class=\"elementor-post__meta-data\">\n\t\t\t\t\t<span class=\"elementor-post-date\">\n\t\t\tApril 10, 2026\t\t<\/span>\n\t\t\t\t<\/div>\n\t\t\t\t<div class=\"elementor-post__excerpt\">\n\t\t\t<p>Vei\u00f0if\u00e9lag&nbsp;Skaft\u00e1rtungumanna \u00f3skar eftir tilbo\u00f0um \u00ed vei\u00f0i \u00ed Stakahn\u00faksl\u00f3n. L\u00e1gmarks leigut\u00edmi er 2 \u00e1r.&nbsp; Tilbo\u00f0 sendist \u00e1\u00a0veidifelag.skaft@gmail.com\u00a0fyrir\u00a0 20. apr\u00edl 2026. R\u00e9ttur \u00e1skilinn til a\u00f0 taka hva\u00f0a<\/p>\n\t\t<\/div>\n\t\t\t\t\t<a class=\"elementor-post__read-more\" href=\"http:\/\/angling.is\/en\/veidifelag-skaftartungumanna-oskar-eftir-tilbodum-i-veidi-i-stakahnukslon\/\" >\n\t\t\t\tN\u00e1nar   \u21c0\t\t\t<\/a>\n\t\t\t\t<\/div>\n\t\t\t\t<\/article>\n\t\t\t\t<article class=\"elementor-post elementor-grid-item post-12359 post type-post status-publish format-standard hentry category-uncategorized category-frettir category-fundarbod entry\">\n\t\t\t\t<div class=\"elementor-post__text\">\n\t\t\t\t<h3 class=\"elementor-post__title\">\n\t\t\t<a href=\"http:\/\/angling.is\/en\/fundarbod-adalfundar-lv-2026\/\" >\n\t\t\t\tFundarbo\u00f0 a\u00f0alfundar LV 2026\t\t\t<\/a>\n\t\t<\/h3>\n\t\t\t\t<div class=\"elementor-post__meta-data\">\n\t\t\t\t\t<span class=\"elementor-post-date\">\n\t\t\tMarch 11, 2026\t\t<\/span>\n\t\t\t\t<\/div>\n\t\t\t\t<div class=\"elementor-post__excerpt\">\n\t\t\t<p>A\u00f0alfundur Landssambands vei\u00f0if\u00e9laga (LV) ver\u00f0ur haldinn f\u00f6studaginn og laugardaginn 24. og 25. apr\u00edl 2026 a\u00f0 Dalah\u00f3teli, Laugum \u00ed S\u00e6lingsdal, Dalas\u00fdslu og hefst dagskr\u00e1 kl. 11:30<\/p>\n\t\t<\/div>\n\t\t\t\t\t<a class=\"elementor-post__read-more\" href=\"http:\/\/angling.is\/en\/fundarbod-adalfundar-lv-2026\/\" >\n\t\t\t\tN\u00e1nar   \u21c0\t\t\t<\/a>\n\t\t\t\t<\/div>\n\t\t\t\t<\/article>\n\t\t\t\t<article class=\"elementor-post elementor-grid-item post-12350 post type-post status-publish format-standard hentry category-frettir category-alyktanir entry\">\n\t\t\t\t<div class=\"elementor-post__text\">\n\t\t\t\t<h3 class=\"elementor-post__title\">\n\t\t\t<a href=\"http:\/\/angling.is\/en\/nytt-frumvarp-um-lagareldi-alyktun-fundar-landssambands-veidifelaga\/\" >\n\t\t\t\tN\u00fdtt frumvarp um lagareldi &#8211; \u00c1lyktun fundar Landssambands vei\u00f0if\u00e9laga\t\t\t<\/a>\n\t\t<\/h3>\n\t\t\t\t<div class=\"elementor-post__meta-data\">\n\t\t\t\t\t<span class=\"elementor-post-date\">\n\t\t\tJanuary 20, 2026\t\t<\/span>\n\t\t\t\t<\/div>\n\t\t\t\t<div class=\"elementor-post__excerpt\">\n\t\t\t<p>Fundur formanna og me\u00f0lima vei\u00f0if\u00e9laga, haldinn \u00e1 vegum Landssambands vei\u00f0if\u00e9laga (LV) \u00feann 16. jan\u00faar 2026 \u00ed Reykjav\u00edk, l\u00fdsir yfir miklum vonbrig\u00f0um me\u00f0 frumvarp atvinnuvegar\u00e1\u00f0herra til<\/p>\n\t\t<\/div>\n\t\t\t\t\t<a class=\"elementor-post__read-more\" href=\"http:\/\/angling.is\/en\/nytt-frumvarp-um-lagareldi-alyktun-fundar-landssambands-veidifelaga\/\" >\n\t\t\t\tN\u00e1nar   \u21c0\t\t\t<\/a>\n\t\t\t\t<\/div>\n\t\t\t\t<\/article>\n\t\t\t\t<\/div>\n\t\t\t\t<\/div>\n\t\t\t\t<\/div>\n\t\t\t\t\t\t<\/div>\n\t\t\t\t\t<\/div>\n\t\t<\/div>\n\t\t\t\t\t\t\t\t<\/div>\n\t\t\t\t\t<\/div>\n\t\t<\/section>\n\t\t\t\t<section class=\"ob-is-breaking-bad elementor-section elementor-top-section elementor-element elementor-element-6cbb3c7 elementor-section-height-min-height elementor-section-boxed elementor-section-height-default elementor-section-items-middle\" data-id=\"6cbb3c7\" data-element_type=\"section\" data-settings=\"{&quot;background_background&quot;:&quot;classic&quot;,&quot;_ob_bbad_use_it&quot;:&quot;yes&quot;,&quot;_ob_bbad_sssic_use&quot;:&quot;no&quot;,&quot;_ob_glider_is_slider&quot;:&quot;no&quot;}\">\n\t\t\t\t\t\t<div class=\"elementor-container elementor-column-gap-default\">\n\t\t\t\t\t\t\t<div class=\"elementor-row\">\n\t\t\t\t\t<div class=\"elementor-column elementor-col-50 elementor-top-column elementor-element elementor-element-3d8f82d\" data-id=\"3d8f82d\" data-element_type=\"column\" data-settings=\"{&quot;_ob_teleporter_use&quot;:false,&quot;_ob_column_hoveranimator&quot;:&quot;no&quot;}\">\n\t\t\t<div class=\"elementor-column-wrap elementor-element-populated\">\n\t\t\t\t\t\t\t<div class=\"elementor-widget-wrap\">\n\t\t\t\t\t\t<div class=\"elementor-element elementor-element-22ab029 ob-harakiri-inherit elementor-widget elementor-widget-heading\" data-id=\"22ab029\" data-element_type=\"widget\" data-settings=\"{&quot;_ob_harakiri_writing_mode&quot;:&quot;inherit&quot;,&quot;_ob_perspektive_use&quot;:&quot;no&quot;,&quot;_ob_shadough_use&quot;:&quot;no&quot;,&quot;_ob_allow_hoveranimator&quot;:&quot;no&quot;}\" data-widget_type=\"heading.default\">\n\t\t\t\t<div class=\"elementor-widget-container\">\n\t\t\t<h2 class=\"elementor-heading-title elementor-size-default\">VEI\u00d0IF\u00c9L\u00d6G<\/h2>\t\t<\/div>\n\t\t\t\t<\/div>\n\t\t\t\t<div class=\"elementor-element elementor-element-bbebef9 ob-harakiri-inherit elementor-widget elementor-widget-text-editor\" data-id=\"bbebef9\" data-element_type=\"widget\" data-settings=\"{&quot;_ob_harakiri_writing_mode&quot;:&quot;inherit&quot;,&quot;_ob_perspektive_use&quot;:&quot;no&quot;,&quot;_ob_shadough_use&quot;:&quot;no&quot;,&quot;_ob_allow_hoveranimator&quot;:&quot;no&quot;}\" data-widget_type=\"text-editor.default\">\n\t\t\t\t<div class=\"elementor-widget-container\">\n\t\t\t\t\t<div class=\"elementor-text-editor elementor-clearfix\"><p>Vei\u00f0if\u00e9l\u00f6gin innan LV eru h\u00e1tt \u00ed 200 talsins v\u00ed\u00f0svegar um landi\u00f0.<\/p><\/div>\n\t\t\t\t<\/div>\n\t\t\t\t<\/div>\n\t\t\t\t<div class=\"elementor-element elementor-element-8ffe5e2 elementor-align-center elementor-widget elementor-widget-button\" data-id=\"8ffe5e2\" data-element_type=\"widget\" data-settings=\"{&quot;_ob_perspektive_use&quot;:&quot;no&quot;,&quot;_ob_shadough_use&quot;:&quot;no&quot;,&quot;_ob_allow_hoveranimator&quot;:&quot;no&quot;}\" data-widget_type=\"button.default\">\n\t\t\t\t<div class=\"elementor-widget-container\">\n\t\t\t\t\t<div class=\"elementor-button-wrapper\">\n\t\t\t<a href=\"\/en\/business-directory\/wpbdp_category\/medlimir\/\" class=\"elementor-button-link elementor-button elementor-size-sm\" role=\"button\">\n\t\t\t\t\t\t<span class=\"elementor-button-content-wrapper\">\n\t\t\t\t\t\t<span class=\"elementor-button-text\">\u21c0<\/span>\n\t\t<\/span>\n\t\t\t\t\t<\/a>\n\t\t<\/div>\n\t\t\t\t<\/div>\n\t\t\t\t<\/div>\n\t\t\t\t\t\t<\/div>\n\t\t\t\t\t<\/div>\n\t\t<\/div>\n\t\t\t\t<div class=\"elementor-column elementor-col-50 elementor-top-column elementor-element elementor-element-50f73a0\" data-id=\"50f73a0\" data-element_type=\"column\" data-settings=\"{&quot;_ob_teleporter_use&quot;:false,&quot;_ob_column_hoveranimator&quot;:&quot;no&quot;}\">\n\t\t\t<div class=\"elementor-column-wrap elementor-element-populated\">\n\t\t\t\t\t\t\t<div class=\"elementor-widget-wrap\">\n\t\t\t\t\t\t<div class=\"elementor-element elementor-element-392cd41 elementor-widget elementor-widget-image\" data-id=\"392cd41\" data-element_type=\"widget\" data-settings=\"{&quot;_ob_photomorph_use&quot;:&quot;no&quot;,&quot;_ob_perspektive_use&quot;:&quot;no&quot;,&quot;_ob_shadough_use&quot;:&quot;no&quot;,&quot;_ob_allow_hoveranimator&quot;:&quot;no&quot;}\" data-widget_type=\"image.default\">\n\t\t\t\t<div class=\"elementor-widget-container\">\n\t\t\t\t\t<div class=\"elementor-image\">\n\t\t\t\t\t\t\t\t\t\t<img width=\"970\" height=\"818\" src=\"https:\/\/angling.is\/wp-content\/uploads\/2021\/02\/veidi-mynd2-1.png\" class=\"attachment-full size-full\" alt=\"Veidi mynd2 (1)\" loading=\"lazy\" srcset=\"https:\/\/angling.is\/wp-content\/uploads\/2021\/02\/veidi-mynd2-1.png 970w, https:\/\/angling.is\/wp-content\/uploads\/2021\/02\/veidi-mynd2-1-300x253.png 300w, https:\/\/angling.is\/wp-content\/uploads\/2021\/02\/veidi-mynd2-1-768x648.png 768w, https:\/\/angling.is\/wp-content\/uploads\/2021\/02\/veidi-mynd2-1-14x12.png 14w, https:\/\/angling.is\/wp-content\/uploads\/2021\/02\/veidi-mynd2-1-150x126.png 150w, https:\/\/angling.is\/wp-content\/uploads\/2021\/02\/veidi-mynd2-1-500x422.png 500w\" sizes=\"(max-width: 970px) 100vw, 970px\" \/>\t\t\t\t\t\t\t\t\t\t\t<\/div>\n\t\t\t\t<\/div>\n\t\t\t\t<\/div>\n\t\t\t\t\t\t<\/div>\n\t\t\t\t\t<\/div>\n\t\t<\/div>\n\t\t\t\t\t\t\t\t<\/div>\n\t\t\t\t\t<\/div>\n\t\t<\/section>\n\t\t\t\t<section class=\"ob-is-breaking-bad elementor-section elementor-top-section elementor-element elementor-element-b10c4b0 elementor-section-full_width elementor-section-height-default elementor-section-height-default\" data-id=\"b10c4b0\" data-element_type=\"section\" data-settings=\"{&quot;_ob_bbad_use_it&quot;:&quot;yes&quot;,&quot;_ob_bbad_sssic_use&quot;:&quot;no&quot;,&quot;_ob_glider_is_slider&quot;:&quot;no&quot;}\">\n\t\t\t\t\t\t<div class=\"elementor-container elementor-column-gap-default\">\n\t\t\t\t\t\t\t<div class=\"elementor-row\">\n\t\t\t\t\t<div class=\"elementor-column elementor-col-100 elementor-top-column elementor-element elementor-element-1f8e017\" data-id=\"1f8e017\" data-element_type=\"column\" data-settings=\"{&quot;_ob_teleporter_use&quot;:false,&quot;_ob_column_hoveranimator&quot;:&quot;no&quot;}\">\n\t\t\t<div class=\"elementor-column-wrap elementor-element-populated\">\n\t\t\t\t\t\t\t<div class=\"elementor-widget-wrap\">\n\t\t\t\t\t\t<div class=\"elementor-element elementor-element-fa0fc8a elementor-widget elementor-widget-gallery\" data-id=\"fa0fc8a\" data-element_type=\"widget\" data-settings=\"{&quot;columns_mobile&quot;:2,&quot;gap&quot;:{&quot;unit&quot;:&quot;px&quot;,&quot;size&quot;:0,&quot;sizes&quot;:[]},&quot;gap_mobile&quot;:{&quot;unit&quot;:&quot;px&quot;,&quot;size&quot;:0,&quot;sizes&quot;:[]},&quot;aspect_ratio&quot;:&quot;1:1&quot;,&quot;lazyload&quot;:&quot;yes&quot;,&quot;gallery_layout&quot;:&quot;grid&quot;,&quot;columns&quot;:4,&quot;columns_tablet&quot;:2,&quot;gap_tablet&quot;:{&quot;unit&quot;:&quot;px&quot;,&quot;size&quot;:10,&quot;sizes&quot;:[]},&quot;content_hover_animation&quot;:&quot;fade-in&quot;,&quot;_ob_perspektive_use&quot;:&quot;no&quot;,&quot;_ob_shadough_use&quot;:&quot;no&quot;,&quot;_ob_allow_hoveranimator&quot;:&quot;no&quot;}\" data-widget_type=\"gallery.default\">\n\t\t\t\t<div class=\"elementor-widget-container\">\n\t\t\t\t\t<div class=\"elementor-gallery__container\">\n\t\t\t\t\t\t\t<div class=\"e-gallery-item elementor-gallery-item elementor-animated-content\">\n\t\t\t\t\t<div class=\"e-gallery-image elementor-gallery-item__image\" data-thumbnail=\"https:\/\/angling.is\/wp-content\/uploads\/2020\/12\/angling-iceland-fishing-001-768x768.jpg\" data-width=\"768\" data-height=\"768\" alt=\"Angling iceland fishing 001\" ><\/div>\n\t\t\t\t\t\t\t\t\t\t\t\t\t\t<\/div>\n\t\t\t\t\t\t\t<div class=\"e-gallery-item elementor-gallery-item elementor-animated-content\">\n\t\t\t\t\t<div class=\"e-gallery-image elementor-gallery-item__image\" data-thumbnail=\"https:\/\/angling.is\/wp-content\/uploads\/2020\/12\/angling-iceland-fishing-002-768x768.jpg\" data-width=\"768\" data-height=\"768\" alt=\"Angling iceland fishing 002\" ><\/div>\n\t\t\t\t\t\t\t\t\t\t\t\t\t\t<\/div>\n\t\t\t\t\t\t\t<div class=\"e-gallery-item elementor-gallery-item elementor-animated-content\">\n\t\t\t\t\t<div class=\"e-gallery-image elementor-gallery-item__image\" data-thumbnail=\"https:\/\/angling.is\/wp-content\/uploads\/2020\/12\/angling-iceland-fishing-003-768x768.jpg\" data-width=\"768\" data-height=\"768\" alt=\"Angling iceland fishing 003\" ><\/div>\n\t\t\t\t\t\t\t\t\t\t\t\t\t\t<\/div>\n\t\t\t\t\t\t\t<div class=\"e-gallery-item elementor-gallery-item elementor-animated-content\">\n\t\t\t\t\t<div class=\"e-gallery-image elementor-gallery-item__image\" data-thumbnail=\"https:\/\/angling.is\/wp-content\/uploads\/2020\/12\/angling-iceland-fishing-004-768x768.jpg\" data-width=\"768\" data-height=\"768\" alt=\"Angling iceland fishing 004\" ><\/div>\n\t\t\t\t\t\t\t\t\t\t\t\t\t\t<\/div>\n\t\t\t\t\t<\/div>\n\t\t\t<\/div>\n\t\t\t\t<\/div>\n\t\t\t\t\t\t<\/div>\n\t\t\t\t\t<\/div>\n\t\t<\/div>\n\t\t\t\t\t\t\t\t<\/div>\n\t\t\t\t\t<\/div>\n\t\t<\/section>\n\t\t\t\t\t\t<\/div>\n\t\t\t\t\t\t<\/div>\n\t\t\t\t\t<\/div>","protected":false},"excerpt":{"rendered":"<p>Landssamband vei\u00f0if\u00e9laga Landssamband vei\u00f0if\u00e9laga safnar vikulegum vei\u00f0it\u00f6lum af helstu vei\u00f0isv\u00e6\u00f0um landsins. Vei\u00f0it\u00f6lur \u21c0 strokulaxar &#8211; kort af dreifingu N\u00fdjar vei\u00f0it\u00f6lur eru birtar \u00e1 fimmtud\u00f6gum \u00ed allt sumar Fr\u00e9ttir n\u00fdjustu fr\u00e9ttir og regluger\u00f0ir VEI\u00d0IF\u00c9L\u00d6G Vei\u00f0if\u00e9l\u00f6gin innan LV eru h\u00e1tt \u00ed 200 talsins v\u00ed\u00f0svegar um landi\u00f0. \u21c0<\/p>","protected":false},"author":1,"featured_media":11434,"parent":0,"menu_order":0,"comment_status":"closed","ping_status":"closed","template":"","meta":{"om_disable_all_campaigns":false,"_mi_skip_tracking":false},"_links":{"self":[{"href":"http:\/\/angling.is\/en\/wp-json\/wp\/v2\/pages\/9120"}],"collection":[{"href":"http:\/\/angling.is\/en\/wp-json\/wp\/v2\/pages"}],"about":[{"href":"http:\/\/angling.is\/en\/wp-json\/wp\/v2\/types\/page"}],"author":[{"embeddable":true,"href":"http:\/\/angling.is\/en\/wp-json\/wp\/v2\/users\/1"}],"replies":[{"embeddable":true,"href":"http:\/\/angling.is\/en\/wp-json\/wp\/v2\/comments?post=9120"}],"version-history":[{"count":206,"href":"http:\/\/angling.is\/en\/wp-json\/wp\/v2\/pages\/9120\/revisions"}],"predecessor-version":[{"id":12185,"href":"http:\/\/angling.is\/en\/wp-json\/wp\/v2\/pages\/9120\/revisions\/12185"}],"wp:featuredmedia":[{"embeddable":true,"href":"http:\/\/angling.is\/en\/wp-json\/wp\/v2\/media\/11434"}],"wp:attachment":[{"href":"http:\/\/angling.is\/en\/wp-json\/wp\/v2\/media?parent=9120"}],"curies":[{"name":"wp","href":"https:\/\/api.w.org\/{rel}","templated":true}]}}